{"id":3,"date":"2018-11-21T09:36:01","date_gmt":"2018-11-21T09:36:01","guid":{"rendered":"https:\/\/www.blendup-webdev.pt\/mototur\/?page_id=3"},"modified":"2018-12-20T11:43:07","modified_gmt":"2018-12-20T11:43:07","slug":"politica-privacidade","status":"publish","type":"page","link":"https:\/\/www.blendup-webdev.pt\/mototur\/politica-privacidade\/","title":{"rendered":"Pol\u00edtica de privacidade"},"content":{"rendered":"<h2 class=\"western\"><strong><span style=\"color: #000000;\"><span style=\"font-family: webkit-standard;\">Informa\u00e7\u00e3o e Consentimento<\/span><\/span><\/strong><\/h2>\n<p><span style=\"color: #000000;\"><span style=\"font-family: webkit-standard;\">A Lei da Prote\u00e7\u00e3o de Dados Pessoais e o Regulamento Geral de Prote\u00e7\u00e3o de Dados (Regulamento (UE) 2016\/679 do Parlamento Europeu e do Conselho de 27 de abril de 2016) asseguram a prote\u00e7\u00e3o das pessoas singulares, em rela\u00e7\u00e3o ao tratamento de dados pessoais e \u00e0 livre circula\u00e7\u00e3o dos mesmos.<\/span><\/span><\/p>\n<p><span style=\"color: #000000;\"><span style=\"font-family: webkit-standard;\">S\u00e3o considerados dados pessoais qualquer informa\u00e7\u00e3o, independentemente do suporte, relativa a uma pessoa singular poss\u00edvel de identificar. Assim a prote\u00e7\u00e3o n\u00e3o abrange os dados de pessoas coletivas.<\/span><\/span><\/p>\n<p><span style=\"color: #000000;\"><span style=\"font-family: webkit-standard;\">Uma vez aceite a nossa Pol\u00edtica de Privacidade o utilizador presta o seu consentimento informado, expresso, livre e inequ\u00edvoco para que os dados pessoais fornecidos atrav\u00e9s dos nossos meios de contacto<\/span><\/span><em><span style=\"color: #000000;\"><span style=\"font-family: webkit-standard;\">\u00a0<\/span><\/span><\/em><span style=\"color: #000000;\"><span style=\"font-family: webkit-standard;\">sejam inclu\u00eddos num ficheiro da nossa responsabilidade, e cujo tratamento cumpre as medidas de seguran\u00e7a t\u00e9cnicas e organizativas adequadas.<\/span><\/span><\/p>\n<p><span style=\"color: #000000;\"><span style=\"font-family: webkit-standard;\">Os dados presentes na base de dados, s\u00e3o unicamente os dados prestados pelos utilizadores na altura do seu registo.<\/span><\/span><\/p>\n<p><span style=\"color: #000000;\"><span style=\"font-family: webkit-standard;\">Em momento algum solicitaremos informa\u00e7\u00f5es relativas a convic\u00e7\u00f5es filos\u00f3ficas ou pol\u00edticas, filia\u00e7\u00e3o partid\u00e1ria ou sindical, f\u00e9 religiosa, vida privada e origem racial ou \u00e9tnica, bem como os dados relativos \u00e0 sa\u00fade e \u00e0 vida sexual, incluindo os dados gen\u00e9ticos.<br \/>\nN\u00e3o iremos, em caso algum:<\/span><\/span><\/p>\n<ol>\n<li><span style=\"color: #000000;\"><span style=\"font-family: webkit-standard;\">Ceder os dados a outras pessoas ou entidades, sem o consentimento pr\u00e9vio do titular dos dados;<\/span><\/span><\/li>\n<li><span style=\"color: #000000;\"><span style=\"font-family: webkit-standard;\">Transferir os dados para fora do Espa\u00e7o Econ\u00f3mico Europeu, sem o consentimento pr\u00e9vio do titular dos dados.<\/span><\/span><\/li>\n<\/ol>\n<h2 class=\"western\"><strong><span style=\"color: #000000;\"><span style=\"font-family: webkit-standard;\">Finalidades do tratamento de Dados Pessoais<\/span><\/span><\/strong><\/h2>\n<p><span style=\"color: #000000;\"><span style=\"font-family: webkit-standard;\">Os dados pessoais ser\u00e3o unicamente utilizados para as seguintes finalidades:<\/span><\/span><\/p>\n<ol>\n<li><span style=\"color: #000000;\"><span style=\"font-family: webkit-standard;\">Processamento de encomendas;<\/span><\/span><\/li>\n<li><span style=\"color: #000000;\"><span style=\"font-family: webkit-standard;\">Comunica\u00e7\u00e3o com clientes e esclarecimento de d\u00favidas;<\/span><\/span><\/li>\n<li><span style=\"color: #000000;\"><span style=\"font-family: webkit-standard;\">Processamento de pedidos de informa\u00e7\u00e3o;<\/span><\/span><\/li>\n<li><span style=\"color: #000000;\"><span style=\"font-family: webkit-standard;\">Processamento de reclama\u00e7\u00f5es;<\/span><\/span><\/li>\n<li><span style=\"color: #000000;\"><span style=\"font-family: webkit-standard;\">Atividades de an\u00e1lise estat\u00edstica;<\/span><\/span><\/li>\n<li><span style=\"color: #000000;\"><span style=\"font-family: webkit-standard;\">Comunica\u00e7\u00f5es de marketing direto, caso o consinta;<\/span><\/span><\/li>\n<li><span style=\"color: #000000;\"><span style=\"font-family: webkit-standard;\">Preven\u00e7\u00e3o e combate \u00e0 fraude;<\/span><\/span><\/li>\n<li><span style=\"color: #000000;\"><span style=\"font-family: webkit-standard;\">Solicita\u00e7\u00e3o de coment\u00e1rios a produtos ou servi\u00e7os;<\/span><\/span><\/li>\n<li><span style=\"color: #000000;\"><span style=\"font-family: webkit-standard;\">Realiza\u00e7\u00e3o de inqu\u00e9ritos de satisfa\u00e7\u00e3o.<\/span><\/span><\/li>\n<\/ol>\n<p><span style=\"color: #000000;\"><span style=\"font-family: webkit-standard;\">Garantimos a confidencialidade de todos os dados fornecidos. N\u00e3o obstante \u00e0 recolha e ao tratamento de dados de forma segura, o que impede a sua perda ou manipula\u00e7\u00e3o, utilizando os sistemas mais atuais para o efeito, informamos que a recolha em rede aberta permite a circula\u00e7\u00e3o dos dados pessoais sem condi\u00e7\u00f5es de seguran\u00e7a, podendo correr o risco destes serem vistos e utilizados por terceiros n\u00e3o autorizados.<\/span><\/span><\/p>\n<p><span style=\"color: #000000;\"><span style=\"font-family: webkit-standard;\">O utilizador somente ter\u00e1 que preencher os dados considerados obrigat\u00f3rios para aceder ao servi\u00e7o para o qual os dados foram solicitados. O n\u00e3o preenchimento de outros dados n\u00e3o colocaram em causa o bom atendimento e a qualidade do servi\u00e7o prestado.<\/span><\/span><\/p>\n<p><span style=\"color: #000000;\"><span style=\"font-family: webkit-standard;\">Caso n\u00e3o concorde com as condi\u00e7\u00f5es acima referidas n\u00e3o poderemos fornecer qualquer produto e\/ou servi\u00e7o atrav\u00e9s da nossa plataforma online.<\/span><\/span><\/p>\n<h2 class=\"western\"><span style=\"color: #000000;\"><span style=\"font-family: webkit-standard;\">Que direitos tem sobre os seus dados<\/span><\/span><\/h2>\n<p><span style=\"color: #000000;\"><span style=\"font-family: webkit-standard;\">Se tiver uma conta no site, ou deixar coment\u00e1rios poder\u00e1 pedir uma exporta\u00e7\u00e3o do ficheiro dos seus dados pessoais guardados por n\u00f3s.<\/span><\/span><\/p>\n<p><span style=\"color: #000000;\"><span style=\"font-family: webkit-standard;\">Poder\u00e1 ainda solicitar que os dados sejam apagados. Tal n\u00e3o ser\u00e1 aplicado a dados que somos obrigados a guardar por quest\u00f5es administrativas, legais ou com o prop\u00f3sito de seguran\u00e7a.<\/span><\/span><\/p>\n<h2 class=\"western\"><span style=\"color: #000000;\"><span style=\"font-family: webkit-standard;\">Que dados pessoais recolhemos e porque os recolhemos<\/span><\/span><\/h2>\n<h3 class=\"western\"><span style=\"color: #000000;\"><span style=\"font-family: webkit-standard;\">Coment\u00e1rios<\/span><\/span><\/h3>\n<p><span style=\"color: #000000;\"><span style=\"font-family: webkit-standard;\">Quando os utilizadores fazem um coment\u00e1rio no nosso site, n\u00f3s guardamos os dados que aparecem no formul\u00e1rio de coment\u00e1rios, bem como o endere\u00e7o de IP do utilizador. O browser utilizar\u00e1 vari\u00e1veis para ajudar a detetar poss\u00edveis spam.<\/span><\/span><\/p>\n<p><span style=\"color: #000000;\"><span style=\"font-family: webkit-standard;\">Um dado an\u00f3nimo ser\u00e1 criado a partir do seu endere\u00e7o de email (tamb\u00e9m denominado de hash), este pode ser fornecido ao Servi\u00e7o Gravata para verificar a utiliza\u00e7\u00e3o. O Servi\u00e7o de pol\u00edtica de privacidade Gravatar est\u00e1 dispon\u00edvel aqui: https:\/\/automattic.com\/privacy\/.<\/span><\/span><\/p>\n<p><span style=\"color: #000000;\"><span style=\"font-family: webkit-standard;\">Ap\u00f3s a aprova\u00e7\u00e3o do seu coment\u00e1rio a imagem de perfil ser\u00e1 vis\u00edvel ao p\u00fablico no contexto do seu coment\u00e1rio.<\/span><\/span><\/p>\n<h3 class=\"western\"><span style=\"color: #000000;\"><span style=\"font-family: webkit-standard;\">Meios de comunica\u00e7\u00e3o<\/span><\/span><\/h3>\n<p><span style=\"color: #000000;\"><span style=\"font-family: webkit-standard;\">Se carregar imagens para o website, dever\u00e1 evitar carregar imagens com os dados de localiza\u00e7\u00e3o\u00a0(EXIF GPS) inclu\u00eddos. Os utilizadores do website podem fazer download e extrair os dados de localiza\u00e7\u00e3o das imagens do website.<\/span><\/span><\/p>\n<h3 class=\"western\"><span style=\"color: #000000;\"><span style=\"font-family: webkit-standard;\">Cookies<\/span><\/span><\/h3>\n<p><span style=\"color: #000000;\"><span style=\"font-family: webkit-standard;\">Se fizer um coment\u00e1rio no nosso website pode optar por guardar o seu nome, endere\u00e7o de email e website nas cookies. Tal servir\u00e1 para sua conveni\u00eancia, assim n\u00e3o ter\u00e1 que preencher novamente os detalhes de informa\u00e7\u00e3o quando deixar um novo coment\u00e1rio. Estas cookies ser\u00e3o guardadas pelo menos por um ano.<\/span><\/span><\/p>\n<p><span style=\"color: #000000;\"><span style=\"font-family: webkit-standard;\">Se tiver uma conta e fizer o login neste site, n\u00f3s iremos colocar uma cookie tempor\u00e1ria para determinar se o seu browser aceita cookies. Esta cookie n\u00e3o cont\u00e9m dados pessoais e ser\u00e1 descartada quando fechar o seu browser.<\/span><\/span><\/p>\n<p><span style=\"color: #000000;\"><span style=\"font-family: webkit-standard;\">Quando fizer login, n\u00f3s iremos criar cookies para guardar a sua informa\u00e7\u00e3o de utilizador e a sua escolha de ecr\u00e3, se aplic\u00e1vel. As cookies do utilizador ser\u00e3o guardadas durante dois dias e a op\u00e7\u00e3o de ecr\u00e3 durante um ano.<\/span><\/span><\/p>\n<p><span style=\"color: #000000;\"><span style=\"font-family: webkit-standard;\">Se selecionar &#8220;Lembra-me&#8221;, o seu Login ir\u00e1 manter-se durante duas semanas. Se fizer\u00a0 Log out da sua conta, as cookies do utilizador ser\u00e3o removidas.<\/span><\/span><\/p>\n<p><span style=\"color: #000000;\"><span style=\"font-family: webkit-standard;\">Se editar ou publicar um artigo, uma cookie adicional ser\u00e1 guardada no seu browser. Esta cookie n\u00e3o inclu\u00ed dados pessoais e s\u00f3 indicar\u00e1 a identifica\u00e7\u00e3o do post que acabou de editar, expira ao final de um dia.<\/span><\/span><\/p>\n<h2 class=\"western\"><span style=\"color: #000000;\"><span style=\"font-family: webkit-standard;\">Durante quanto tempo n\u00f3s guardamos os teus dados<\/span><\/span><\/h2>\n<p><span style=\"color: #000000;\"><span style=\"font-family: webkit-standard;\">Se deixar um coment\u00e1rio, o coment\u00e1rio e os dados a ele agregados ser\u00e3o guardados, pelo menos, durante um ano. Isto servir\u00e1 para os seus coment\u00e1rios serem aprovados imediatamente, caso contrario seriam retidos at\u00e9 ser verificado.<\/span><\/span><\/p>\n<p><span style=\"color: #000000;\"><span style=\"font-family: webkit-standard;\">Em caso de\u00a0registo de utilizador, se aplic\u00e1vel,\u00a0 tamb\u00e9m iremos armazenar a informa\u00e7\u00e3o pessoal que for providenciada no perfil. Os utilizadores podem ver, editar ou apagar a informa\u00e7\u00e3o pessoal a qualquer altura (s\u00f3 n\u00e3o poder\u00e1 ser alterado o nome de utilizador &#8220;username&#8221;). Os administradores poder\u00e3o, inclusive, ver e editar a informa\u00e7\u00e3o.<\/span><\/span><\/p>\n","protected":false},"excerpt":{"rendered":"<p>Informa\u00e7\u00e3o e Consentimento A Lei da Prote\u00e7\u00e3o de Dados Pessoais e o Regulamento Geral de Prote\u00e7\u00e3o de Dados (Regulamento (UE) 2016\/679 do Parlamento Europeu e do Conselho de 27 de abril de 2016) asseguram a prote\u00e7\u00e3o das pessoas singulares, em rela\u00e7\u00e3o ao tratamento de dados pessoais e \u00e0 livre circula\u00e7\u00e3o dos mesmos. S\u00e3o considerados dados [&hellip;]<\/p>\n","protected":false},"author":4,"featured_media":0,"parent":0,"menu_order":0,"comment_status":"closed","ping_status":"open","template":"","meta":{"footnotes":""},"class_list":["post-3","page","type-page","status-publish","hentry"],"_links":{"self":[{"href":"https:\/\/www.blendup-webdev.pt\/mototur\/wp-json\/wp\/v2\/pages\/3","targetHints":{"allow":["GET"]}}],"collection":[{"href":"https:\/\/www.blendup-webdev.pt\/mototur\/wp-json\/wp\/v2\/pages"}],"about":[{"href":"https:\/\/www.blendup-webdev.pt\/mototur\/wp-json\/wp\/v2\/types\/page"}],"author":[{"embeddable":true,"href":"https:\/\/www.blendup-webdev.pt\/mototur\/wp-json\/wp\/v2\/users\/4"}],"replies":[{"embeddable":true,"href":"https:\/\/www.blendup-webdev.pt\/mototur\/wp-json\/wp\/v2\/comments?post=3"}],"version-history":[{"count":2,"href":"https:\/\/www.blendup-webdev.pt\/mototur\/wp-json\/wp\/v2\/pages\/3\/revisions"}],"predecessor-version":[{"id":5096,"href":"https:\/\/www.blendup-webdev.pt\/mototur\/wp-json\/wp\/v2\/pages\/3\/revisions\/5096"}],"wp:attachment":[{"href":"https:\/\/www.blendup-webdev.pt\/mototur\/wp-json\/wp\/v2\/media?parent=3"}],"curies":[{"name":"wp","href":"https:\/\/api.w.org\/{rel}","templated":true}]}}