{"id":4533,"date":"2018-11-30T14:39:44","date_gmt":"2018-11-30T14:39:44","guid":{"rendered":"https:\/\/www.blendup-webdev.pt\/mototur\/?page_id=4533"},"modified":"2026-04-06T14:50:32","modified_gmt":"2026-04-06T13:50:32","slug":"servicos","status":"publish","type":"page","link":"https:\/\/www.blendup-webdev.pt\/mototur\/servicos\/","title":{"rendered":"Servi\u00e7os"},"content":{"rendered":"<div  class='flex_column av-ndavkl-1f7020dd2f8a64e40e98a970b859b6c7 av_one_full  avia-builder-el-0  el_before_av_tab_section  avia-builder-el-no-sibling  first flex_column_div  '     ><style type=\"text\/css\" data-created_by=\"avia_inline_auto\" id=\"style-css-av-mneo63gl-36a8efcd003d93ae1ea28e44c4aedb03\">\n#top .av_textblock_section.av-mneo63gl-36a8efcd003d93ae1ea28e44c4aedb03 .avia_textblock{\ntext-align:center;\n}\n<\/style>\n<section  class='av_textblock_section av-mneo63gl-36a8efcd003d93ae1ea28e44c4aedb03 '   itemscope=\"itemscope\" itemtype=\"https:\/\/schema.org\/CreativeWork\" ><div class='avia_textblock'  itemprop=\"text\" ><h2>EM QUE PODEMOS AJUDAR<\/h2>\n<p>Utilize o nosso formul\u00e1rio para marca\u00e7\u00e3o de revis\u00e3o ou pedido de pe\u00e7as.<br \/>\nQualquer outro assunto, utilize os nossos contactos gerais.<\/p>\n<\/div><\/section><\/div>\n<\/div><\/div><\/div><!-- close content main div --><\/div><\/div><div id='av-tab-section-1'  class='av-tab-section-container entry-content-wrapper main_color av-tab-no-transition   av-tab-above-content  avia-builder-el-2  el_after_av_one_full  avia-builder-el-last  tab-section-not-first container_wrap fullsize'  ><div class='av-tab-section-outer-container av-luw2lh-209e9ccd19630a9af8e9dc7ca5703bf7'><div class='av-tab-section-tab-title-container avia-tab-title-padding-default' role='tablist'><a href='#pedido-de-reviso-ou-manuteno' data-av-tab-section-title='1' class='av-section-tab-title av-active-tab-title no-scroll av-mneol4oy-cfc6c30a5754328e4c5b036f6b2f3d5c av-tab-no-icon av-tab-no-image ' role='tab' tabindex='0' aria-controls='av-tab-section-1-1'><span class='av-outer-tab-title'><span class='av-inner-tab-title'>Pedido de Revis\u00e3o ou Manuten\u00e7\u00e3o<\/span><\/span><span class=\"av-tab-arrow-container\"><span><\/span><\/span><\/a><a href='#pedido-de-peas' data-av-tab-section-title='2' class='av-section-tab-title  av-mneoleke-bf9e3b15a6b40ac963b88decbf10076d av-tab-no-icon av-tab-no-image ' role='tab' tabindex='0' aria-controls='av-tab-section-1-2'><span class='av-outer-tab-title'><span class='av-inner-tab-title'>Pedido de Pe\u00e7as<\/span><\/span><span class=\"av-tab-arrow-container\"><span><\/span><\/span><\/a><\/div><div class='avia-slideshow-arrows av-tabsection-arrow' ><a href='#prev' class='prev-slide av_prev_tab_section av-tab-section-slide avia-svg-icon avia-font-svg_entypo-fontello' data-av_svg_icon='left-open-big' data-av_iconset='svg_entypo-fontello' tabindex='-1' title=\"Previous\"><svg version=\"1.1\" xmlns=\"http:\/\/www.w3.org\/2000\/svg\" width=\"15\" height=\"32\" viewBox=\"0 0 15 32\" preserveAspectRatio=\"xMidYMid meet\" aria-labelledby='av-svg-title-1' aria-describedby='av-svg-desc-1' role=\"graphics-symbol\" aria-hidden=\"true\">\n<title id='av-svg-title-1'>Previous<\/title>\n<desc id='av-svg-desc-1'>Previous<\/desc>\n<path d=\"M14.464 27.84q0.832 0.832 0 1.536-0.832 0.832-1.536 0l-12.544-12.608q-0.768-0.768 0-1.6l12.544-12.608q0.704-0.832 1.536 0 0.832 0.704 0 1.536l-11.456 11.904z\"><\/path>\n<\/svg><span class='avia_hidden_link_text'>Previous<\/span><\/a><a href='#next' class='next-slide av_next_tab_section av-tab-section-slide avia-svg-icon avia-font-svg_entypo-fontello' data-av_svg_icon='right-open-big' data-av_iconset='svg_entypo-fontello' tabindex='-1' title=\"Next\"><svg version=\"1.1\" xmlns=\"http:\/\/www.w3.org\/2000\/svg\" width=\"15\" height=\"32\" viewBox=\"0 0 15 32\" preserveAspectRatio=\"xMidYMid meet\" aria-labelledby='av-svg-title-2' aria-describedby='av-svg-desc-2' role=\"graphics-symbol\" aria-hidden=\"true\">\n<title id='av-svg-title-2'>Next<\/title>\n<desc id='av-svg-desc-2'>Next<\/desc>\n<path d=\"M0.416 27.84l11.456-11.84-11.456-11.904q-0.832-0.832 0-1.536 0.832-0.832 1.536 0l12.544 12.608q0.768 0.832 0 1.6l-12.544 12.608q-0.704 0.832-1.536 0-0.832-0.704 0-1.536z\"><\/path>\n<\/svg><span class='avia_hidden_link_text'>Next<\/span><\/a><\/div><div class='av-tab-section-inner-container avia-section-default' style='width:200vw; left:0%;'><span class=\"av_prev_tab_section av_tab_navigation\"><\/span><span class=\"av_next_tab_section av_tab_navigation\"><\/span>\n\n<style type=\"text\/css\" data-created_by=\"avia_inline_auto\" id=\"style-css-av-mneol4oy-cfc6c30a5754328e4c5b036f6b2f3d5c\">\n.av-layout-tab.av-mneol4oy-cfc6c30a5754328e4c5b036f6b2f3d5c{\nvertical-align:middle;\n}\n<\/style>\n<div id='av-tab-section-1-1' class='av-layout-tab av-mneol4oy-cfc6c30a5754328e4c5b036f6b2f3d5c av-animation-delay-container  avia-builder-el-3  el_before_av_tab_sub_section  avia-builder-el-first  av-active-tab-content __av_init_open ' data-av-deeplink-tabs=\"revisao\" data-av-tab-section-content=\"1\" data-tab-section-id=\"pedido-de-reviso-ou-manuteno\"><div class=\"av-layout-tab-inner\"><div class=\"container\"><p><div  class='flex_column av-kz2o11-d5e2a1379a976768e83c5f69880f0a84 av_one_fifth  avia-builder-el-4  el_before_av_three_fifth  avia-builder-el-first  first flex_column_div  '     ><\/div><div  class='flex_column av-irhvb9-8071bf1e033734c739bff384e861fea0 av_three_fifth  avia-builder-el-5  el_after_av_one_fifth  el_before_av_one_fifth  flex_column_div  '     ><p><div  class='hr av-hsofut-001d1c158d862a3b0220f46fe51c5e53 hr-default  avia-builder-el-6  el_before_av_heading  avia-builder-el-first '><span class='hr-inner '><span class=\"hr-inner-style\"><\/span><\/span><\/div><br \/>\n\n<style type=\"text\/css\" data-created_by=\"avia_inline_auto\" id=\"style-css-av-frgrlh-37d404218af94cee299597a046c67f2b\">\n#top .av-special-heading.av-frgrlh-37d404218af94cee299597a046c67f2b{\npadding-bottom:10px;\ncolor:#ff0000;\n}\nbody .av-special-heading.av-frgrlh-37d404218af94cee299597a046c67f2b .av-special-heading-tag .heading-char{\nfont-size:25px;\n}\n.av-special-heading.av-frgrlh-37d404218af94cee299597a046c67f2b .special-heading-inner-border{\nborder-color:#ff0000;\n}\n.av-special-heading.av-frgrlh-37d404218af94cee299597a046c67f2b .av-subheading{\nfont-size:15px;\n}\n<\/style>\n<div  class='av-special-heading av-frgrlh-37d404218af94cee299597a046c67f2b av-special-heading-h3 custom-color-heading  avia-builder-el-7  el_after_av_hr  el_before_av_codeblock '><h3 class='av-special-heading-tag '  itemprop=\"headline\"  >Pedido de Revis\u00e3o ou Manuten\u00e7\u00e3o<\/h3><div class=\"special-heading-border\"><div class=\"special-heading-inner-border\"><\/div><\/div><\/div><br \/>\n<\/p><\/div><div  class='flex_column av-crvyat-b34124e4f08863b18429ed13656f1317 av_one_fifth  avia-builder-el-9  el_after_av_three_fifth  avia-builder-el-last  flex_column_div  '     ><\/div><\/p>\n<\/div><\/div><\/div>\n<style type=\"text\/css\" data-created_by=\"avia_inline_auto\" id=\"style-css-av-mneoleke-bf9e3b15a6b40ac963b88decbf10076d\">\n.av-layout-tab.av-mneoleke-bf9e3b15a6b40ac963b88decbf10076d{\nvertical-align:middle;\n}\n<\/style>\n<div id='av-tab-section-1-2' class='av-layout-tab av-mneoleke-bf9e3b15a6b40ac963b88decbf10076d av-animation-delay-container  avia-builder-el-10  el_after_av_tab_sub_section  avia-builder-el-last  ' data-av-deeplink-tabs=\"pecas\" data-av-tab-section-content=\"2\" data-tab-section-id=\"pedido-de-peas\"><div class=\"av-layout-tab-inner\"><div class=\"container\"><p><div  class='flex_column av-asvkz9-6ce7da5a77479af1b8907af54756257d av_one_fifth  avia-builder-el-11  el_before_av_three_fifth  avia-builder-el-first  first flex_column_div  '     ><\/div><div  class='flex_column av-9668qd-90f58cf7f84bbab0507b350e33f61aba av_three_fifth  avia-builder-el-12  el_after_av_one_fifth  el_before_av_one_fifth  flex_column_div  '     ><p><div  class='hr av-qve11-d8cd41346210d9d962d230806fa12299 hr-default  avia-builder-el-13  el_before_av_heading  avia-builder-el-first '><span class='hr-inner '><span class=\"hr-inner-style\"><\/span><\/span><\/div><br \/>\n\n<style type=\"text\/css\" data-created_by=\"avia_inline_auto\" id=\"style-css-av-5oakat-60d60ed115fd2fab04d0e60dc536dbed\">\n#top .av-special-heading.av-5oakat-60d60ed115fd2fab04d0e60dc536dbed{\npadding-bottom:10px;\ncolor:#ff0000;\n}\nbody .av-special-heading.av-5oakat-60d60ed115fd2fab04d0e60dc536dbed .av-special-heading-tag .heading-char{\nfont-size:25px;\n}\n.av-special-heading.av-5oakat-60d60ed115fd2fab04d0e60dc536dbed .special-heading-inner-border{\nborder-color:#ff0000;\n}\n.av-special-heading.av-5oakat-60d60ed115fd2fab04d0e60dc536dbed .av-subheading{\nfont-size:15px;\n}\n<\/style>\n<div  class='av-special-heading av-5oakat-60d60ed115fd2fab04d0e60dc536dbed av-special-heading-h3 custom-color-heading  avia-builder-el-14  el_after_av_hr  el_before_av_codeblock '><h3 class='av-special-heading-tag '  itemprop=\"headline\"  >Pedido de Pe\u00e7as<\/h3><div class=\"special-heading-border\"><div class=\"special-heading-inner-border\"><\/div><\/div><\/div><br \/>\n<\/p><\/div><div  class='flex_column av-2x9qyt-4081d56f8a01bf290ca88bdc4ea6d322 av_one_fifth  avia-builder-el-16  el_after_av_three_fifth  avia-builder-el-last  flex_column_div  '     ><\/div><\/p>\n<\/div><\/div><\/div><\/div><\/div><\/div>\n","protected":false},"excerpt":{"rendered":"","protected":false},"author":4,"featured_media":0,"parent":0,"menu_order":0,"comment_status":"closed","ping_status":"closed","template":"","meta":{"footnotes":""},"class_list":["post-4533","page","type-page","status-publish","hentry"],"_links":{"self":[{"href":"https:\/\/www.blendup-webdev.pt\/mototur\/wp-json\/wp\/v2\/pages\/4533","targetHints":{"allow":["GET"]}}],"collection":[{"href":"https:\/\/www.blendup-webdev.pt\/mototur\/wp-json\/wp\/v2\/pages"}],"about":[{"href":"https:\/\/www.blendup-webdev.pt\/mototur\/wp-json\/wp\/v2\/types\/page"}],"author":[{"embeddable":true,"href":"https:\/\/www.blendup-webdev.pt\/mototur\/wp-json\/wp\/v2\/users\/4"}],"replies":[{"embeddable":true,"href":"https:\/\/www.blendup-webdev.pt\/mototur\/wp-json\/wp\/v2\/comments?post=4533"}],"version-history":[{"count":22,"href":"https:\/\/www.blendup-webdev.pt\/mototur\/wp-json\/wp\/v2\/pages\/4533\/revisions"}],"predecessor-version":[{"id":14951,"href":"https:\/\/www.blendup-webdev.pt\/mototur\/wp-json\/wp\/v2\/pages\/4533\/revisions\/14951"}],"wp:attachment":[{"href":"https:\/\/www.blendup-webdev.pt\/mototur\/wp-json\/wp\/v2\/media?parent=4533"}],"curies":[{"name":"wp","href":"https:\/\/api.w.org\/{rel}","templated":true}]}}