{"id":11184,"date":"2023-11-17T17:01:42","date_gmt":"2023-11-17T17:01:42","guid":{"rendered":"https:\/\/www.blendup-webdev.pt\/mototur\/?post_type=product&#038;p=11184"},"modified":"2023-11-17T17:13:28","modified_gmt":"2023-11-17T17:13:28","slug":"blusao-macna-orcano","status":"publish","type":"product","link":"https:\/\/www.blendup-webdev.pt\/mototur\/produto\/blusao-macna-orcano\/","title":{"rendered":"Blus\u00e3o Macna Orcano"},"content":{"rendered":"<p>Blus\u00e3o Ver\u00e3o com prote\u00e7\u00f5es\u00a0 Macna<\/p>\n","protected":false},"excerpt":{"rendered":"<p>Blus\u00e3o Ver\u00e3o com prote\u00e7\u00f5es\u00a0 Macna<\/p>\n","protected":false},"featured_media":11192,"template":"","meta":[],"product_brand":[],"product_cat":[132,136,138],"product_tag":[],"class_list":{"0":"post-11184","1":"product","2":"type-product","3":"status-publish","4":"has-post-thumbnail","6":"product_cat-blusoes","7":"product_cat-blusoes-homem","8":"product_cat-macna-blusoes-homem","10":"first","11":"instock","12":"sale","13":"taxable","14":"shipping-taxable","15":"purchasable","16":"product-type-variable"},"_links":{"self":[{"href":"https:\/\/www.blendup-webdev.pt\/mototur\/wp-json\/wp\/v2\/product\/11184","targetHints":{"allow":["GET"]}}],"collection":[{"href":"https:\/\/www.blendup-webdev.pt\/mototur\/wp-json\/wp\/v2\/product"}],"about":[{"href":"https:\/\/www.blendup-webdev.pt\/mototur\/wp-json\/wp\/v2\/types\/product"}],"wp:featuredmedia":[{"embeddable":true,"href":"https:\/\/www.blendup-webdev.pt\/mototur\/wp-json\/wp\/v2\/media\/11192"}],"wp:attachment":[{"href":"https:\/\/www.blendup-webdev.pt\/mototur\/wp-json\/wp\/v2\/media?parent=11184"}],"wp:term":[{"taxonomy":"product_brand","embeddable":true,"href":"https:\/\/www.blendup-webdev.pt\/mototur\/wp-json\/wp\/v2\/product_brand?post=11184"},{"taxonomy":"product_cat","embeddable":true,"href":"https:\/\/www.blendup-webdev.pt\/mototur\/wp-json\/wp\/v2\/product_cat?post=11184"},{"taxonomy":"product_tag","embeddable":true,"href":"https:\/\/www.blendup-webdev.pt\/mototur\/wp-json\/wp\/v2\/product_tag?post=11184"}],"curies":[{"name":"wp","href":"https:\/\/api.w.org\/{rel}","templated":true}]}}