{"id":12393,"date":"2024-11-19T11:34:10","date_gmt":"2024-11-19T11:34:10","guid":{"rendered":"https:\/\/www.blendup-webdev.pt\/mototur\/?post_type=product&#038;p=12393"},"modified":"2026-02-05T18:22:22","modified_gmt":"2026-02-05T18:22:22","slug":"arai-quantic-mark","status":"publish","type":"product","link":"https:\/\/www.blendup-webdev.pt\/mototur\/produto\/arai-quantic-mark\/","title":{"rendered":"Arai Quantic Mark"},"content":{"rendered":"<p>Capacete Arai Quantic Mark Vermelho. O Quantic \u00e9 o companheiro ideal para pilotos de turismo esportivo que exigem uma combina\u00e7\u00e3o perfeita de desempenho e conforto. Arai aplicou suas tecnologias mais avan\u00e7adas como a tela VAS, um avan\u00e7ado sistema de ventila\u00e7\u00e3o que se destaca pela entrada de ar no logotipo frontal 3D e pelo estofamento interno FCS. Destaca-se pelo novo certificado da norma ECE22\/06 e possui base 5mm mais larga para oferecer maior conforto. Tamb\u00e9m not\u00e1vel \u00e9 a sua forma muito aerodin\u00e2mica, suave e redonda, concebida principalmente para &#8220;rebater&#8221; e distribuir as for\u00e7as de impacto.<\/p>\n","protected":false},"excerpt":{"rendered":"<p>Capacete Integral<\/p>\n","protected":false},"featured_media":12397,"template":"","meta":[],"product_brand":[],"product_cat":[151,170,123,169,168],"product_tag":[],"class_list":{"0":"post-12393","1":"product","2":"type-product","3":"status-publish","4":"has-post-thumbnail","6":"product_cat-arai","7":"product_cat-outlet-capacetes-arai","8":"product_cat-capacete","9":"product_cat-outlet-capacetes","10":"product_cat-outlet","12":"first","13":"instock","14":"sale","15":"taxable","16":"shipping-taxable","17":"purchasable","18":"product-type-simple"},"_links":{"self":[{"href":"https:\/\/www.blendup-webdev.pt\/mototur\/wp-json\/wp\/v2\/product\/12393","targetHints":{"allow":["GET"]}}],"collection":[{"href":"https:\/\/www.blendup-webdev.pt\/mototur\/wp-json\/wp\/v2\/product"}],"about":[{"href":"https:\/\/www.blendup-webdev.pt\/mototur\/wp-json\/wp\/v2\/types\/product"}],"wp:featuredmedia":[{"embeddable":true,"href":"https:\/\/www.blendup-webdev.pt\/mototur\/wp-json\/wp\/v2\/media\/12397"}],"wp:attachment":[{"href":"https:\/\/www.blendup-webdev.pt\/mototur\/wp-json\/wp\/v2\/media?parent=12393"}],"wp:term":[{"taxonomy":"product_brand","embeddable":true,"href":"https:\/\/www.blendup-webdev.pt\/mototur\/wp-json\/wp\/v2\/product_brand?post=12393"},{"taxonomy":"product_cat","embeddable":true,"href":"https:\/\/www.blendup-webdev.pt\/mototur\/wp-json\/wp\/v2\/product_cat?post=12393"},{"taxonomy":"product_tag","embeddable":true,"href":"https:\/\/www.blendup-webdev.pt\/mototur\/wp-json\/wp\/v2\/product_tag?post=12393"}],"curies":[{"name":"wp","href":"https:\/\/api.w.org\/{rel}","templated":true}]}}