{"id":14048,"date":"2025-12-06T11:47:40","date_gmt":"2025-12-06T11:47:40","guid":{"rendered":"https:\/\/www.blendup-webdev.pt\/mototur\/?post_type=product&#038;p=14048"},"modified":"2026-02-05T18:08:07","modified_gmt":"2026-02-05T18:08:07","slug":"arai-rx-7v-evo-doohan-jubile-restyle","status":"publish","type":"product","link":"https:\/\/www.blendup-webdev.pt\/mototur\/produto\/arai-rx-7v-evo-doohan-jubile-restyle\/","title":{"rendered":"ARAI RX-7V EVO DOOHAN JUBILE RESTYLE"},"content":{"rendered":"<p>Capacete Arai RX-7V Evo. O novo RX-7V Evo est\u00e1 homologado de acordo com o novo regulamento ECE 22.06. \u00c9 a evolu\u00e7\u00e3o do capacete de corrida Arai RX-7V. A Arai aplicou suas tecnologias mais avan\u00e7adas, como a tela VAS, um sistema de ventila\u00e7\u00e3o avan\u00e7ado e estofamento interior FCS. O conceito R75 Shape consiste em oferecer uma casca externa (estrutura externa) mais resistente, mais arredondada e mais lisa.<\/p>\n","protected":false},"excerpt":{"rendered":"<p>Capacete Integral<\/p>\n","protected":false},"featured_media":14049,"template":"","meta":[],"product_brand":[],"product_cat":[151,123],"product_tag":[],"class_list":{"0":"post-14048","1":"product","2":"type-product","3":"status-publish","4":"has-post-thumbnail","6":"product_cat-arai","7":"product_cat-capacete","9":"first","10":"instock","11":"sale","12":"taxable","13":"shipping-taxable","14":"purchasable","15":"product-type-simple"},"_links":{"self":[{"href":"https:\/\/www.blendup-webdev.pt\/mototur\/wp-json\/wp\/v2\/product\/14048","targetHints":{"allow":["GET"]}}],"collection":[{"href":"https:\/\/www.blendup-webdev.pt\/mototur\/wp-json\/wp\/v2\/product"}],"about":[{"href":"https:\/\/www.blendup-webdev.pt\/mototur\/wp-json\/wp\/v2\/types\/product"}],"wp:featuredmedia":[{"embeddable":true,"href":"https:\/\/www.blendup-webdev.pt\/mototur\/wp-json\/wp\/v2\/media\/14049"}],"wp:attachment":[{"href":"https:\/\/www.blendup-webdev.pt\/mototur\/wp-json\/wp\/v2\/media?parent=14048"}],"wp:term":[{"taxonomy":"product_brand","embeddable":true,"href":"https:\/\/www.blendup-webdev.pt\/mototur\/wp-json\/wp\/v2\/product_brand?post=14048"},{"taxonomy":"product_cat","embeddable":true,"href":"https:\/\/www.blendup-webdev.pt\/mototur\/wp-json\/wp\/v2\/product_cat?post=14048"},{"taxonomy":"product_tag","embeddable":true,"href":"https:\/\/www.blendup-webdev.pt\/mototur\/wp-json\/wp\/v2\/product_tag?post=14048"}],"curies":[{"name":"wp","href":"https:\/\/api.w.org\/{rel}","templated":true}]}}