{"id":14052,"date":"2025-12-06T13:04:12","date_gmt":"2025-12-06T13:04:12","guid":{"rendered":"https:\/\/www.blendup-webdev.pt\/mototur\/?post_type=product&#038;p=14052"},"modified":"2026-02-05T11:27:49","modified_gmt":"2026-02-05T11:27:49","slug":"arai-tour-x-5","status":"publish","type":"product","link":"https:\/\/www.blendup-webdev.pt\/mototur\/produto\/arai-tour-x-5\/","title":{"rendered":"ARAI TOUR-X5 MONOCOLOR"},"content":{"rendered":"<p>Capacete Arai Tour-X5 . A quinta gera\u00e7\u00e3o do capacete Touring-Adventure da Arai vem com uma remodela\u00e7\u00e3o completa para maior aproveitamento nas aventuras Off-Road e On-Road, com homologa\u00e7\u00e3o ECE 22-06. Fabricado em material Super Fiber que oferece mais 30% de resist\u00eancia em rela\u00e7\u00e3o \u00e0 fibra de vidro convencional e ao comp\u00f3sito PB-CLC2. O inv\u00f3lucro interior EPS multidensidade oferece uma excelente absor\u00e7\u00e3o de impacto. O amplo ecr\u00e3 panor\u00e2mico oferece uma excelente visibilidade e permite uma remo\u00e7\u00e3o mais f\u00e1cil sem ferramentas com o sistema VAS-A. O sistema de ventila\u00e7\u00e3o destaca-se com entradas e sa\u00eddas estrategicamente localizadas para uma maior efici\u00eancia de aera\u00e7\u00e3o. Fecho de fivela dupla.<\/p>\n","protected":false},"excerpt":{"rendered":"<p>Capacete Integral<\/p>\n","protected":false},"featured_media":14054,"template":"","meta":[],"product_brand":[],"product_cat":[151,123],"product_tag":[],"class_list":{"0":"post-14052","1":"product","2":"type-product","3":"status-publish","4":"has-post-thumbnail","6":"product_cat-arai","7":"product_cat-capacete","9":"first","10":"instock","11":"sale","12":"taxable","13":"shipping-taxable","14":"purchasable","15":"product-type-simple"},"_links":{"self":[{"href":"https:\/\/www.blendup-webdev.pt\/mototur\/wp-json\/wp\/v2\/product\/14052","targetHints":{"allow":["GET"]}}],"collection":[{"href":"https:\/\/www.blendup-webdev.pt\/mototur\/wp-json\/wp\/v2\/product"}],"about":[{"href":"https:\/\/www.blendup-webdev.pt\/mototur\/wp-json\/wp\/v2\/types\/product"}],"wp:featuredmedia":[{"embeddable":true,"href":"https:\/\/www.blendup-webdev.pt\/mototur\/wp-json\/wp\/v2\/media\/14054"}],"wp:attachment":[{"href":"https:\/\/www.blendup-webdev.pt\/mototur\/wp-json\/wp\/v2\/media?parent=14052"}],"wp:term":[{"taxonomy":"product_brand","embeddable":true,"href":"https:\/\/www.blendup-webdev.pt\/mototur\/wp-json\/wp\/v2\/product_brand?post=14052"},{"taxonomy":"product_cat","embeddable":true,"href":"https:\/\/www.blendup-webdev.pt\/mototur\/wp-json\/wp\/v2\/product_cat?post=14052"},{"taxonomy":"product_tag","embeddable":true,"href":"https:\/\/www.blendup-webdev.pt\/mototur\/wp-json\/wp\/v2\/product_tag?post=14052"}],"curies":[{"name":"wp","href":"https:\/\/api.w.org\/{rel}","templated":true}]}}