{"id":14129,"date":"2026-01-15T14:46:35","date_gmt":"2026-01-15T14:46:35","guid":{"rendered":"https:\/\/www.blendup-webdev.pt\/mototur\/?post_type=product&#038;p=14129"},"modified":"2026-01-21T18:48:54","modified_gmt":"2026-01-21T18:48:54","slug":"alpinestars-blusao-t-sps-v2-wp","status":"publish","type":"product","link":"https:\/\/www.blendup-webdev.pt\/mototur\/produto\/alpinestars-blusao-t-sps-v2-wp\/","title":{"rendered":"ALPINESTARS BLUS\u00c3O T-SPS V2 WP"},"content":{"rendered":"<p>O Blus\u00e3o T-SPS v2 WP apresenta um corte desportivo revisto e uma silhueta din\u00e2mica inspirada nas corridas, proporcionando maior conforto em condu\u00e7\u00e3o. Constru\u00eddo em tecido poli\u00e9ster 600D resistente \u00e0 abras\u00e3o, oferece prote\u00e7\u00e3o eficaz e conforto premium.<\/p>\n<p>Com membrana imperme\u00e1vel totalmente selada, forro t\u00e9rmico remov\u00edvel e prote\u00e7\u00f5es Nucleon Flex Plus nos ombros e cotovelos, \u00e9 a escolha ideal para utiliza\u00e7\u00e3o urbana e desportiva durante todo o ano.<\/p>\n<p>Promo\u00e7\u00e3o v\u00e1lida mediante stock dispon\u00edvel.<\/p>\n","protected":false},"excerpt":{"rendered":"<p>ALPINESTARS BLUS\u00c3O T-SPS V2 WP<\/p>\n","protected":false},"featured_media":14137,"template":"","meta":[],"product_brand":[224],"product_cat":[223,132,136],"product_tag":[],"class_list":{"0":"post-14129","1":"product","2":"type-product","3":"status-publish","4":"has-post-thumbnail","6":"product_brand-alpinestars","7":"product_cat-alpinestars-blusoes-homem","8":"product_cat-blusoes","9":"product_cat-blusoes-homem","11":"first","12":"instock","13":"sale","14":"taxable","15":"shipping-taxable","16":"purchasable","17":"product-type-simple"},"_links":{"self":[{"href":"https:\/\/www.blendup-webdev.pt\/mototur\/wp-json\/wp\/v2\/product\/14129","targetHints":{"allow":["GET"]}}],"collection":[{"href":"https:\/\/www.blendup-webdev.pt\/mototur\/wp-json\/wp\/v2\/product"}],"about":[{"href":"https:\/\/www.blendup-webdev.pt\/mototur\/wp-json\/wp\/v2\/types\/product"}],"wp:featuredmedia":[{"embeddable":true,"href":"https:\/\/www.blendup-webdev.pt\/mototur\/wp-json\/wp\/v2\/media\/14137"}],"wp:attachment":[{"href":"https:\/\/www.blendup-webdev.pt\/mototur\/wp-json\/wp\/v2\/media?parent=14129"}],"wp:term":[{"taxonomy":"product_brand","embeddable":true,"href":"https:\/\/www.blendup-webdev.pt\/mototur\/wp-json\/wp\/v2\/product_brand?post=14129"},{"taxonomy":"product_cat","embeddable":true,"href":"https:\/\/www.blendup-webdev.pt\/mototur\/wp-json\/wp\/v2\/product_cat?post=14129"},{"taxonomy":"product_tag","embeddable":true,"href":"https:\/\/www.blendup-webdev.pt\/mototur\/wp-json\/wp\/v2\/product_tag?post=14129"}],"curies":[{"name":"wp","href":"https:\/\/api.w.org\/{rel}","templated":true}]}}