{"id":14141,"date":"2026-01-15T15:48:34","date_gmt":"2026-01-15T15:48:34","guid":{"rendered":"https:\/\/www.blendup-webdev.pt\/mototur\/?post_type=product&#038;p=14141"},"modified":"2026-01-16T10:42:10","modified_gmt":"2026-01-16T10:42:10","slug":"alpinestars-blusao-andes-v4-ds","status":"publish","type":"product","link":"https:\/\/www.blendup-webdev.pt\/mototur\/produto\/alpinestars-blusao-andes-v4-ds\/","title":{"rendered":"ALPINESTARS BLUS\u00c3O ANDES v4 DS"},"content":{"rendered":"<p>O Blus\u00e3o Andes v4 Drystar\u00ae combina funcionalidade avan\u00e7ada com um design moderno, ideal tanto para aventureiros como para utilizadores urbanos. A constru\u00e7\u00e3o Drystar\u00ae garante impermeabilidade total e respirabilidade em todas as condi\u00e7\u00f5es climat\u00e9ricas.<\/p>\n<p>Com pain\u00e9is softshell el\u00e1sticos para maior mobilidade, refor\u00e7os em ripstop para durabilidade, forro t\u00e9rmico remov\u00edvel e ventila\u00e7\u00f5es diretas, oferece elevado conforto em viagem. O blus\u00e3o est\u00e1 preparado para o Tech-Air\u00ae e inclui prote\u00e7\u00f5es Nucleon Flex Plus CE N\u00edvel 1 para maior seguran\u00e7a.<\/p>\n<p>Promo\u00e7\u00e3o v\u00e1lida mediante stock dispon\u00edvel.<\/p>\n","protected":false},"excerpt":{"rendered":"<p>ALPINESTARS BLUS\u00c3O ANDES v4 DS<\/p>\n","protected":false},"featured_media":14151,"template":"","meta":[],"product_brand":[224],"product_cat":[223,132,136],"product_tag":[],"class_list":{"0":"post-14141","1":"product","2":"type-product","3":"status-publish","4":"has-post-thumbnail","6":"product_brand-alpinestars","7":"product_cat-alpinestars-blusoes-homem","8":"product_cat-blusoes","9":"product_cat-blusoes-homem","11":"first","12":"instock","13":"sale","14":"taxable","15":"shipping-taxable","16":"purchasable","17":"product-type-simple"},"_links":{"self":[{"href":"https:\/\/www.blendup-webdev.pt\/mototur\/wp-json\/wp\/v2\/product\/14141","targetHints":{"allow":["GET"]}}],"collection":[{"href":"https:\/\/www.blendup-webdev.pt\/mototur\/wp-json\/wp\/v2\/product"}],"about":[{"href":"https:\/\/www.blendup-webdev.pt\/mototur\/wp-json\/wp\/v2\/types\/product"}],"wp:featuredmedia":[{"embeddable":true,"href":"https:\/\/www.blendup-webdev.pt\/mototur\/wp-json\/wp\/v2\/media\/14151"}],"wp:attachment":[{"href":"https:\/\/www.blendup-webdev.pt\/mototur\/wp-json\/wp\/v2\/media?parent=14141"}],"wp:term":[{"taxonomy":"product_brand","embeddable":true,"href":"https:\/\/www.blendup-webdev.pt\/mototur\/wp-json\/wp\/v2\/product_brand?post=14141"},{"taxonomy":"product_cat","embeddable":true,"href":"https:\/\/www.blendup-webdev.pt\/mototur\/wp-json\/wp\/v2\/product_cat?post=14141"},{"taxonomy":"product_tag","embeddable":true,"href":"https:\/\/www.blendup-webdev.pt\/mototur\/wp-json\/wp\/v2\/product_tag?post=14141"}],"curies":[{"name":"wp","href":"https:\/\/api.w.org\/{rel}","templated":true}]}}