{"id":14154,"date":"2026-01-15T17:06:27","date_gmt":"2026-01-15T17:06:27","guid":{"rendered":"https:\/\/www.blendup-webdev.pt\/mototur\/?post_type=product&#038;p=14154"},"modified":"2026-01-16T10:45:41","modified_gmt":"2026-01-16T10:45:41","slug":"alpinestars-blusao-st-1-wp","status":"publish","type":"product","link":"https:\/\/www.blendup-webdev.pt\/mototur\/produto\/alpinestars-blusao-st-1-wp\/","title":{"rendered":"ALPINESTARS BLUS\u00c3O ST-1 WP"},"content":{"rendered":"<p>Projetado para motociclistas que procuram os benef\u00edcios de uma constru\u00e7\u00e3o imperme\u00e1vel para todas as condi\u00e7\u00f5es clim\u00e1ticas e criado para mobilidade ergon\u00f4mica, o Casaco ST-1 WP \u00e9 o casaco perfeito para motociclistas que procuram um casaco de aventura touring elegante e minimalista, com conforto durante todo o ano e desempenho \u00f3timo em condi\u00e7\u00f5es de tempo \u00famido. O casaco vem com um forro t\u00e9rmico destac\u00e1vel, para mant\u00ea-lo aquecido durante aqueles passeios mais frios de manh\u00e3 ou \u00e0 noite. Com sua constru\u00e7\u00e3o aerodin\u00e2mica, o Casaco ST-1 WP oferece estilo moderno e conforto premium para o motociclista, especialmente durante dias chuvosos e \u00famidos, tornando-se a roupa perfeita para touring em todas as condi\u00e7\u00f5es clim\u00e1ticas quando combinado com as Cal\u00e7as ST-1 WP.<\/p>\n<p>Promo\u00e7\u00e3o v\u00e1lida mediante stock dispon\u00edvel.<\/p>\n","protected":false},"excerpt":{"rendered":"<p>ALPINESTARS BLUS\u00c3O ST-1 WP<\/p>\n","protected":false},"featured_media":14155,"template":"","meta":[],"product_brand":[224],"product_cat":[223,132,136],"product_tag":[],"class_list":{"0":"post-14154","1":"product","2":"type-product","3":"status-publish","4":"has-post-thumbnail","6":"product_brand-alpinestars","7":"product_cat-alpinestars-blusoes-homem","8":"product_cat-blusoes","9":"product_cat-blusoes-homem","11":"first","12":"instock","13":"sale","14":"taxable","15":"shipping-taxable","16":"purchasable","17":"product-type-simple"},"_links":{"self":[{"href":"https:\/\/www.blendup-webdev.pt\/mototur\/wp-json\/wp\/v2\/product\/14154","targetHints":{"allow":["GET"]}}],"collection":[{"href":"https:\/\/www.blendup-webdev.pt\/mototur\/wp-json\/wp\/v2\/product"}],"about":[{"href":"https:\/\/www.blendup-webdev.pt\/mototur\/wp-json\/wp\/v2\/types\/product"}],"wp:featuredmedia":[{"embeddable":true,"href":"https:\/\/www.blendup-webdev.pt\/mototur\/wp-json\/wp\/v2\/media\/14155"}],"wp:attachment":[{"href":"https:\/\/www.blendup-webdev.pt\/mototur\/wp-json\/wp\/v2\/media?parent=14154"}],"wp:term":[{"taxonomy":"product_brand","embeddable":true,"href":"https:\/\/www.blendup-webdev.pt\/mototur\/wp-json\/wp\/v2\/product_brand?post=14154"},{"taxonomy":"product_cat","embeddable":true,"href":"https:\/\/www.blendup-webdev.pt\/mototur\/wp-json\/wp\/v2\/product_cat?post=14154"},{"taxonomy":"product_tag","embeddable":true,"href":"https:\/\/www.blendup-webdev.pt\/mototur\/wp-json\/wp\/v2\/product_tag?post=14154"}],"curies":[{"name":"wp","href":"https:\/\/api.w.org\/{rel}","templated":true}]}}