{"id":9669,"date":"2023-01-24T15:15:59","date_gmt":"2023-01-24T15:15:59","guid":{"rendered":"https:\/\/www.blendup-webdev.pt\/mototur\/?post_type=product&#038;p=9669"},"modified":"2026-01-19T11:36:13","modified_gmt":"2026-01-19T11:36:13","slug":"sx100","status":"publish","type":"product","link":"https:\/\/www.blendup-webdev.pt\/mototur\/produto\/sx100\/","title":{"rendered":"NEXX SX.100"},"content":{"rendered":"<h3 class=\"font-light\">LEVE E EQUILIBRADO<\/h3>\n<p>Gra\u00e7as \u00e0s muitas horas investidas em estudos de aerodin\u00e2mica e testes em t\u00fanel de vento, SX.100 com o seu formato \u00fanico oferece um capacete relativamente leve, com um design desportivo e com um elevado equil\u00edbrio em termos de estabilidade e isolamento ac\u00fastico em alta velocidade.<\/p>\n<h3 class=\"font-light\">AJUSTE CONFORT\u00c1VEL<\/h3>\n<p>Os interiores 3D, termoformados s\u00e3o totalmente remov\u00edveis e lav\u00e1veis, com propriedades antial\u00e9rgicas e antitranspirantes e em tecidos X-Mart Dry que mant\u00eam o interior seco e fresco em dias mais quentes e oferecem melhor isolamento em dias mais frios. O cornicho e o deflector de vento por sua vez, tamb\u00e9m s\u00e3o remov\u00edveis e lav\u00e1veis, ajudando a bloquear a entrada de ar por baixo do capacete.<\/p>\n<h3 class=\"font-light\">VENTILA\u00c7\u00c3O E FLUXO DE AR<\/h3>\n<p>Uma generosa ventila\u00e7\u00e3o superior e um sistema de ventila\u00e7\u00e3o do queixo extremamente eficiente permitem a entrada de um grande volume de ar para dentro do capacete.<br \/>\nPor sua vez, a cartola com um duplo EPS que contempla uma inovadora c\u00e2mara-de-ar entre as duas pe\u00e7as, permite um capacete verdadeiramente respir\u00e1vel, com trocas optimizadas entre o ar quente e h\u00famido e a renova\u00e7\u00e3o de ar fresco.<\/p>\n<h3 class=\"font-light\">VIS\u00c3O TOTAL<\/h3>\n<p>O campo de vis\u00e3o do SX.100 \u00e9 extremamente amplo e oferece uma sensa\u00e7\u00e3o de maior abertura dentro do capacete, uma sensa\u00e7\u00e3o de liberdade total, ideal para a condu\u00e7\u00e3o urbana. A viseira \u00e9 de classe \u00f3ptica 1, anti-risco e preparada para o uso de lente anti-embaciamento Pinlock.<\/p>\n<h3 class=\"font-light\">\u00d3CULOS DE SOL INTERNOS<\/h3>\n<p>Est\u00e1 tamb\u00e9m equipado com uma viseira solar interna, filtrando 99% da luz UV, manuseada atrav\u00e9s de bot\u00e3o externo, ergon\u00f3mico que pode ser facilmente operado mesmo com luvas de Inverno.<\/p>\n<h3 class=\"font-light\">X-SWIFT<\/h3>\n<p>O sistema de troca r\u00e1pida de viseira X-SWIFT torna a remo\u00e7\u00e3o de viseira extremamente simples e mais r\u00e1pida do que nunca (menos de 8 segundos) sem que seja necess\u00e1rio o recurso a qualquer ferramenta.<\/p>\n<h3 class=\"font-light\">MANTENHA-SE LIGADO<\/h3>\n<p>SX.100 vem preparado de s\u00e9rie para a instala\u00e7\u00e3o do sistema de comunica\u00e7\u00e3o Bluetooth X-COM, desenvolvido pela NEXX em colabora\u00e7\u00e3o com a SENA, especialista mundial em solu\u00e7\u00f5es Bluetooth.<br \/>\nX-COM \u00e9 um Sistema Bluetooth de longo alcance. X-COM foi especialmente desenhado para motociclistas que procuram um perfil mais compacto e leve, com componentes que interfiram o m\u00ednimo na sua performance de condu\u00e7\u00e3o, mantendo mesmo assim, todas as completas caracter\u00edsticas de um sistema Intercom de gama m\u00e9dia-alta.<br \/>\nCom o sistema X-COM, pode ligar em modo \u201cm\u00e3os livres\u201d atrav\u00e9s do Bluetooh do seu telem\u00f3vel, ouvir m\u00fasica em stereo, dar comandos de voz a sistemas de navega\u00e7\u00e3o GPS Bluetooh ou ter conversa\u00e7\u00f5es em full duplex com outros condutores ou passageiros.<\/p>\n","protected":false},"excerpt":{"rendered":"<p>Capacete Integral<\/p>\n","protected":false},"featured_media":14195,"template":"","meta":[],"product_brand":[],"product_cat":[123,169,171,148,168],"product_tag":[],"class_list":{"0":"post-9669","1":"product","2":"type-product","3":"status-publish","4":"has-post-thumbnail","6":"product_cat-capacete","7":"product_cat-outlet-capacetes","8":"product_cat-outlet-capacetes-nexx","9":"product_cat-capacetes-nexx","10":"product_cat-outlet","12":"first","13":"instock","14":"sale","15":"taxable","16":"shipping-taxable","17":"purchasable","18":"product-type-simple"},"_links":{"self":[{"href":"https:\/\/www.blendup-webdev.pt\/mototur\/wp-json\/wp\/v2\/product\/9669","targetHints":{"allow":["GET"]}}],"collection":[{"href":"https:\/\/www.blendup-webdev.pt\/mototur\/wp-json\/wp\/v2\/product"}],"about":[{"href":"https:\/\/www.blendup-webdev.pt\/mototur\/wp-json\/wp\/v2\/types\/product"}],"wp:featuredmedia":[{"embeddable":true,"href":"https:\/\/www.blendup-webdev.pt\/mototur\/wp-json\/wp\/v2\/media\/14195"}],"wp:attachment":[{"href":"https:\/\/www.blendup-webdev.pt\/mototur\/wp-json\/wp\/v2\/media?parent=9669"}],"wp:term":[{"taxonomy":"product_brand","embeddable":true,"href":"https:\/\/www.blendup-webdev.pt\/mototur\/wp-json\/wp\/v2\/product_brand?post=9669"},{"taxonomy":"product_cat","embeddable":true,"href":"https:\/\/www.blendup-webdev.pt\/mototur\/wp-json\/wp\/v2\/product_cat?post=9669"},{"taxonomy":"product_tag","embeddable":true,"href":"https:\/\/www.blendup-webdev.pt\/mototur\/wp-json\/wp\/v2\/product_tag?post=9669"}],"curies":[{"name":"wp","href":"https:\/\/api.w.org\/{rel}","templated":true}]}}