{"id":9908,"date":"2023-02-08T17:29:30","date_gmt":"2023-02-08T17:29:30","guid":{"rendered":"https:\/\/www.blendup-webdev.pt\/mototur\/?post_type=product&#038;p=9908"},"modified":"2026-01-19T10:17:43","modified_gmt":"2026-01-19T10:17:43","slug":"nexx-xr3r","status":"publish","type":"product","link":"https:\/\/www.blendup-webdev.pt\/mototur\/produto\/nexx-xr3r\/","title":{"rendered":"Nexx  X.R3R"},"content":{"rendered":"<h3 class=\"font-bold\">PREPARADO PARA A PISTA<\/h3>\n<p>Autenticamente desportivo, com um design impressionante e a mais recente tecnologia dos desportos motorizados e de alta competi\u00e7\u00e3o.<\/p>\n<p>O novo X.R3R est\u00e1 preparado para as mais exigentes condi\u00e7\u00f5es e emo\u00e7\u00f5es em pista.<\/p>\n<p>UM VENCEDOR.<\/p>\n<p>&nbsp;<\/p>\n<h3 class=\"font-bold\">SINTA-SE VELOZ<\/h3>\n<p>Na alta competi\u00e7\u00e3o, a velocidade \u00e9 pe\u00e7a-chave e a aerodin\u00e2mica desempenha um papel cr\u00edtico \u2013 uma vez que aquele quil\u00f3metro por hora a menos pode significar a diferen\u00e7a entre vencer e ser vencido.<\/p>\n<p>O design aerodin\u00e2mico do X.R3R n\u00e3o s\u00f3 reduz a resist\u00eancia do ar como tamb\u00e9m optimiza o fluxo de massa de ar para o arejamento do interior.<\/p>\n<p>&nbsp;<\/p>\n<h3 class=\"font-bold\">A IMPORT\u00c2NCIA DO VIRTUAL ANTES DO REAL<\/h3>\n<p>Um esfor\u00e7o consider\u00e1vel foi colocado na efici\u00eancia aerodin\u00e2mica do design da calota, viseira, spoilers e ventila\u00e7\u00f5es do X.R3R.<\/p>\n<p>A necessidade de um bom design no campo da aerodin\u00e2mica exige desenvolvimento em t\u00fanel de vento. No entanto, os testes come\u00e7am virtualmente no PC, com an\u00e1lise virtual CFD (Computational Fluid Dynamics), que permite melhores e mais sustentadas decis\u00f5es. Esses resultados s\u00e3o depois sustentados por testes em t\u00fanel de vento, com piloto e moto na escala 1:1, e testes de estrada, que validam o desempenho aerodin\u00e2mico do capacete em diversos \u00e2ngulos e posi\u00e7\u00f5es de condu\u00e7\u00e3o.<\/p>\n<p>&nbsp;<\/p>\n<h3 class=\"font-bold\">EFICI\u00caNCIA E PERFORMANCE<\/h3>\n<p>Um capacete aerodin\u00e2mico que foca na velocidade melhora a ventila\u00e7\u00e3o e adiciona uma s\u00e9rie de recursos em termos de seguran\u00e7a.<\/p>\n<p>Cada detalhe no design da calota e componentes externos foi projectado para reduzir a press\u00e3o de arrasto e garantir a m\u00e1xima efici\u00eancia.<\/p>\n<p>Ao mesmo tempo que a resist\u00eancia do ar \u00e9 reduzida, o fluxo de massa de ar para refrescar o interior \u00e9 optimizado. O fluxo de massa de ar \u00e9 orientado especificamente atrav\u00e9s dos geradores de vortex no topo e laterais para a parte traseira do capacete, potenciando a efici\u00eancia do novo conceito de spoiler de competi\u00e7\u00e3o.<\/p>\n<p>&nbsp;<\/p>\n<h3 class=\"font-bold\">EXTENSOR DE SPOILER<\/h3>\n<p>Um extensor transl\u00facido pode ser ainda adicionado ao spoiler, tornando o capacete incrivelmente est\u00e1vel em alta velocidade.<\/p>\n<p>Fixado por parafusos, o extensor de spoiler apresenta um design destac\u00e1vel ao impacto para os m\u00e1ximos padr\u00f5es de seguran\u00e7a.<\/p>\n<p>&nbsp;<\/p>\n<h3 class=\"font-bold\">SINTA-SE LEVE<\/h3>\n<p>Projectada para pilotos de elite ou para motociclistas conscientes da import\u00e2ncia do peso, esta tecnologia de \u00faltima gera\u00e7\u00e3o combina conhecimento aeroespacial com a malha de carbono 3K para obter uma estratifica\u00e7\u00e3o \u00fanica que torna o casco mais leve, forte e confort\u00e1vel.<br \/>\nSimilar a uma teia de aranha, a nova fibra de carbono X-PRO CARBON com malha de carbono 3K \u00e9 10% mais leve do que as demais fibras de carbono, oferecendo maior rigidez e resist\u00eancia m\u00e1xima.<br \/>\nTudo o que se pode esperar de uma das tecnologias mais avan\u00e7adas de sempre para capacetes em fibra de carbono.<\/p>\n<p>&nbsp;<\/p>\n<h3 class=\"font-bold\">0-160 KM\/H = 0 G<\/h3>\n<p>O complexo conceito aerodin\u00e2mico do X.R3R \u00e9 projectado para maximizar o seu desempenho, com ZERO peso din\u00e2mico a 160 km \/ h.<\/p>\n<p>&nbsp;<\/p>\n<h3 class=\"font-bold\">SINTA-SE FRESCO<\/h3>\n<p>Na pista, a \u00faltima coisa com que se deve preocupar \u00e9 com o calor na cabe\u00e7a. Os testes aerodin\u00e2micos do X.R3R determinaram um sistema de ventila\u00e7\u00e3o superior, que incentiva o fluxo de ar atrav\u00e9s do capacete, da frente para tr\u00e1s.<\/p>\n<p>Seis entradas de ar e quatro sa\u00eddas permitem um controlo total da ventila\u00e7\u00e3o e do fluxo de ar fresco que passa pelo interior do capacete, mantendo a cabe\u00e7a o mais fresca poss\u00edvel no meio da press\u00e3o e adrenalina de uma corrida em pista.<\/p>\n<p>&nbsp;<\/p>\n<h3 class=\"font-bold\">SISTEMA DE VENTILA\u00c7\u00c3O DO QUEIXO CHIN SPEED-FLOW<\/h3>\n<p>O formato alongado da ventila\u00e7\u00e3o do queixo ajuda a atrair e dispersar o ar fresco pela parte interior da viseira e rosto.<\/p>\n<p>Uma entrada extra \u2013 em borracha anti-vibra\u00e7\u00e3o \u2013 pode ser ainda ser accionada, utilizando o mecanismo de comando na parte interior do queixo.<\/p>\n<p>&nbsp;<\/p>\n<h3 class=\"font-bold\">TECIDOS X-MART DRY<\/h3>\n<p>Todas as pe\u00e7as do forro, incluindo o colar, s\u00e3o remov\u00edveis e lav\u00e1veis e com tecnologia X-Mart Dry \u2013 um tecido de toque suave, que ajuda a que o interior se mantenha fresco e com um tempo de secagem duas vezes mais r\u00e1pido que o algod\u00e3o normal.<\/p>\n<p>&nbsp;<\/p>\n<h3 class=\"font-bold\">SINTA-SE FOCADO.<\/h3>\n<p>A par do design aerodin\u00e2mico, a viseira plana reduz uma quantidade substancial de ru\u00eddo do vento, permitindo um bom fluxo de ar na \u00e1rea do rosto.<\/p>\n<p>O abrangente conceito de isolamento ac\u00fastico do X.R3R incluiu geradores de vortex na \u00e1rea do queixo e um perfil de veda\u00e7\u00e3o em dupla borracha ao redor de toda a viseira.<\/p>\n<p>&nbsp;<\/p>\n<h3 class=\"font-bold\">BASES EM BORRACHA ANTI-VIBRA\u00c7\u00c3O.<\/h3>\n<p>As inovadoras bases em borracha anti-vibra\u00e7\u00e3o s\u00e3o projectadas para absorver e distribuir uniformemente as vibra\u00e7\u00f5es e cancelar a sua transmiss\u00e3o \u00e0s estruturas adjacentes do mecanismo de viseira.<\/p>\n<p>&nbsp;<\/p>\n<h3 class=\"font-bold\">VISOR RECOIL SYSTEM<\/h3>\n<p>O sistema de encaixe de viseira Recoil Visor System, com bases laterais accionadas por mola, puxa e ajusta automaticamente a viseira contra o perfil de veda\u00e7\u00e3o em dupla borracha, para uma veda\u00e7\u00e3o herm\u00e9tica perfeita.<\/p>\n<p>&nbsp;<\/p>\n<h3 class=\"font-bold\">SISTEMA DE BLOQUEIO DUPLO DA VISEIRA<\/h3>\n<p>O sistema de seguran\u00e7a com bloqueio duplo da viseira evita a sua abertura repentina e inesperada e pode ser facilmente operado com o uso de luvas.<\/p>\n<p>&nbsp;<\/p>\n<h3 class=\"font-bold\">SINTA-SE LIVRE<\/h3>\n<p>A vis\u00e3o \u00e9 essencial no processo de tomada de melhores e mais r\u00e1pidas decis\u00f5es, na pista.<br \/>\nEsta \u00e9 a raz\u00e3o pela qual desenvolvemos a X-Sensus Vision, a filosofia por detr\u00e1s do campo de vis\u00e3o de cada NEXX que garante uma Vis\u00e3o incr\u00edvel \u2013 com \u00e2ngulos de abertura 15% acima dos requisitos padr\u00e3o.<\/p>\n<p>&nbsp;<\/p>\n<h3 class=\"font-bold\">DE OLHO NO PR\u00c9MIO<\/h3>\n<p>Apresentando um campo horizontal de 225\u00ba e um campo visual vertical de 85\u00ba, o campo de vis\u00e3o do X.R3R \u00e9 indiscutivelmente, um dos maiores do mercado.<\/p>\n<p>A viseira em PC Lexan inquebr\u00e1vel \u00e9 de classe \u00f3tica I, com tratamento anti-risco e preparada para o uso de Pinlock e Tear Offs.<\/p>\n<p>&nbsp;<\/p>\n<h3 class=\"font-bold\">UMA VISEIRA PREPARADA PARA TODO O TIPO DE CONDI\u00c7\u00d5ES<\/h3>\n<p>A viseira inteligente Transitions\u00ae altera automaticamente as percentagens de transmiss\u00e3o de luz vis\u00edvel, permanecendo clara \u00e0 noite e variavelmente fumada quando exposta \u00e0 luz UV, proporcionando uma viagem segura e confort\u00e1vel, \u00e0 noite ou a qualquer hora do dia.<\/p>\n<p>Dispon\u00edvel como acess\u00f3rio opcional.<\/p>\n<p>&nbsp;<\/p>\n<h3 class=\"font-bold\">UM INTERIOR, PENSADO PARA A COMPETI\u00c7\u00c3O<\/h3>\n<p>O interior modular do XR3R \u00e9 uma abordagem \u00fanica tendo em vista o conforto e estabilidade em alta velocidade, permitindo o ajuste individual quer do topo central quer das laterais \u2013 para um encaixe perfeito na maioria dos formatos e tamanhos de cabe\u00e7a.<\/p>\n<p>Todas as pe\u00e7as do interior, incluindo o colar, s\u00e3o remov\u00edveis, com propriedades hipoalerg\u00e9nicas e antibacterianas e sem costuras em \u00e1reas sens\u00edveis da cabe\u00e7a e rosto.<\/p>\n<p>&nbsp;<\/p>\n<h3 class=\"font-bold\">LATERAIS COM SISTEMA DE AJUSTE<\/h3>\n<p>As laterais do X.R3R incluem um bolso interno que funciona como um sistema adaptativo que pode ser ajustado de acordo com a prefer\u00eancia do Piloto.<\/p>\n<p>De forma r\u00e1pida e f\u00e1cil, este sistema permite adicionar uma gama de espumas com diferentes espessuras para um ajuste personalizado na zona das bochechas \u2013 resultando num capacete mais equilibrado, seguro e \u00e1gil em pista.<\/p>\n<p>Para facilitar ainda mais, o ajuste \u00e9 revers\u00edvel, permitindo que as laterais possam retornar \u00e0 sua configura\u00e7\u00e3o inicial.<\/p>\n<p>&nbsp;<\/p>\n<h3 class=\"font-bold\">VEN\u00c7A O CALOR<\/h3>\n<p>Os inovadores Air cumbs oferecem n\u00edveis incompar\u00e1veis de ventila\u00e7\u00e3o interior e conforto. O acolchoamento da coroa do X.R3R \u00e9 costurado com uma malha alveolar especial que cria uma esp\u00e9cie de c\u00e2mara-de-ar fresco entre o EPS e o forro.<\/p>\n<p>Ao libertar e distribuir gradualmente o ar fresco em redor de todo o contorno da cabe\u00e7a os Air Cumbs criam uma sensa\u00e7\u00e3o de frescura mais prolongada, com temperatura e humidade relativa controladas.<\/p>\n<p>&nbsp;<\/p>\n<h3 class=\"font-bold\">SINTA-SE SEGURO<\/h3>\n<p>O sistema de revestimento EPS Multi-Densidade do X.R3R \u00e9 projectado para permitir que o fluxo de ar fresco viaje sem restri\u00e7\u00f5es atrav\u00e9s de canais criados em 5 zonas diferentes , com diferentes densidades para uma protec\u00e7\u00e3o m\u00e1xima contra impactos em pontos cr\u00edticos da cabe\u00e7a do piloto.<\/p>\n<p>&nbsp;<\/p>\n<h3 class=\"font-bold\">HOMOLOGADO ECE 22-06<\/h3>\n<p>D\u00ea as boas-vindas a uma nova era, em termos de seguran\u00e7a.<\/p>\n<p>O X.R3R j\u00e1 inclui a nova homologa\u00e7\u00e3o ECE 22-06 que fornece novos testes, realizados em maior velocidade e com mais locais de impacto bem como requisitos adicionais para recursos como a rota\u00e7\u00e3o da precintas ou viseiras.<\/p>\n<p>O X.R3R ser\u00e1 submetido ao Programa de Homologa\u00e7\u00e3o da FIM Racing, que \u00e9 necess\u00e1rio para competir a n\u00edvel internacional, incluindo MotoGP \u2013 para 2022.<\/p>\n<p>&nbsp;<\/p>\n<h3 class=\"font-bold\">EMERGENCY STRAP V2<\/h3>\n<p>Incorporado nas almofadas laterais do forro, o sistema Emergency Strap system V2 permite um acesso e remo\u00e7\u00e3o do capacete mais f\u00e1cil e suave, em caso de acidente, por parte de equipas m\u00e9dicas treinadas.<\/p>\n<p>&nbsp;<\/p>\n<h3 class=\"font-bold\">SISTEMA MAGN\u00c9TICO X-LOCK<\/h3>\n<p>Toda a gama X.R3R inclui o sistema de fecho de duplo anel (usado no MotoGP) com o novo sistema magn\u00e9tico X-LOCK para facilitar o aperto final do bot\u00e3o da precinta.<\/p>\n<p>&nbsp;<\/p>\n<h3 class=\"font-bold\">CAPA DA PRECINTA REMOV\u00cdVEL<\/h3>\n<p>As capas amov\u00edveis da precinta podem ser retiradas e lavadas, com grande facilidade, para maior limpeza e conforto ap\u00f3s incurs\u00f5es mais extremas, na pista.<\/p>\n<p>&nbsp;<\/p>\n<h3 class=\"font-bold\">3 TAMANHOS DE CALOTA<\/h3>\n<p>O novo X.R3R est\u00e1 dispon\u00edvel em 3 tamanhos de calota e 3 tamanhos de EPS para um melhor ajuste e conforto.<\/p>\n","protected":false},"excerpt":{"rendered":"<p>Capacete Integral<\/p>\n","protected":false},"featured_media":14194,"template":"","meta":[],"product_brand":[],"product_cat":[123,169,148,171],"product_tag":[],"class_list":{"0":"post-9908","1":"product","2":"type-product","3":"status-publish","4":"has-post-thumbnail","6":"product_cat-capacete","7":"product_cat-outlet-capacetes","8":"product_cat-capacetes-nexx","9":"product_cat-outlet-capacetes-nexx","11":"first","12":"outofstock","13":"sale","14":"taxable","15":"shipping-taxable","16":"purchasable","17":"product-type-simple"},"_links":{"self":[{"href":"https:\/\/www.blendup-webdev.pt\/mototur\/wp-json\/wp\/v2\/product\/9908","targetHints":{"allow":["GET"]}}],"collection":[{"href":"https:\/\/www.blendup-webdev.pt\/mototur\/wp-json\/wp\/v2\/product"}],"about":[{"href":"https:\/\/www.blendup-webdev.pt\/mototur\/wp-json\/wp\/v2\/types\/product"}],"wp:featuredmedia":[{"embeddable":true,"href":"https:\/\/www.blendup-webdev.pt\/mototur\/wp-json\/wp\/v2\/media\/14194"}],"wp:attachment":[{"href":"https:\/\/www.blendup-webdev.pt\/mototur\/wp-json\/wp\/v2\/media?parent=9908"}],"wp:term":[{"taxonomy":"product_brand","embeddable":true,"href":"https:\/\/www.blendup-webdev.pt\/mototur\/wp-json\/wp\/v2\/product_brand?post=9908"},{"taxonomy":"product_cat","embeddable":true,"href":"https:\/\/www.blendup-webdev.pt\/mototur\/wp-json\/wp\/v2\/product_cat?post=9908"},{"taxonomy":"product_tag","embeddable":true,"href":"https:\/\/www.blendup-webdev.pt\/mototur\/wp-json\/wp\/v2\/product_tag?post=9908"}],"curies":[{"name":"wp","href":"https:\/\/api.w.org\/{rel}","templated":true}]}}