{"id":3,"date":"2025-05-30T14:38:38","date_gmt":"2025-05-30T14:38:38","guid":{"rendered":"https:\/\/www.blendup-webdev.pt\/speedrent\/?page_id=3"},"modified":"2026-02-19T18:36:23","modified_gmt":"2026-02-19T17:36:23","slug":"politica-privacidade","status":"publish","type":"page","link":"https:\/\/www.blendup-webdev.pt\/speedrent\/politica-privacidade\/","title":{"rendered":"Pol\u00edtica de privacidade"},"content":{"rendered":"\n<p><\/p>\n\n\n<section  class='av_textblock_section av-mltqswnz-56c95b95cb7b16ae10e78225c740b284 '   itemscope=\"itemscope\" itemtype=\"https:\/\/schema.org\/CreativeWork\" ><div class='avia_textblock'  itemprop=\"text\" ><h2 class=\"western\"><strong>Informa\u00e7\u00e3o e Consentimento<\/strong><\/h2>\n<p>A Lei da Prote\u00e7\u00e3o de Dados Pessoais e o Regulamento Geral de Prote\u00e7\u00e3o de Dados (Regulamento (UE) 2016\/679 do Parlamento Europeu e do Conselho de 27 de abril de 2016) asseguram a prote\u00e7\u00e3o das pessoas singulares, em rela\u00e7\u00e3o ao tratamento de dados pessoais e \u00e0 livre circula\u00e7\u00e3o dos mesmos.<\/p>\n<p>S\u00e3o considerados dados pessoais qualquer informa\u00e7\u00e3o, independentemente do suporte, relativa a uma pessoa singular poss\u00edvel de identificar. Assim a prote\u00e7\u00e3o n\u00e3o abrange os dados de pessoas coletivas.<\/p>\n<p>Uma vez aceite a nossa Pol\u00edtica de Privacidade o utilizador presta o seu consentimento informado, expresso, livre e inequ\u00edvoco para que os dados pessoais fornecidos atrav\u00e9s dos nossos meios de contacto<em>\u00a0<\/em>sejam inclu\u00eddos num ficheiro da nossa responsabilidade, e cujo tratamento cumpre as medidas de seguran\u00e7a t\u00e9cnicas e organizativas adequadas.<\/p>\n<p>Os dados presentes na base de dados, s\u00e3o unicamente os dados prestados pelos utilizadores na altura do seu registo.<\/p>\n<p>Em momento algum solicitaremos informa\u00e7\u00f5es relativas a convic\u00e7\u00f5es filos\u00f3ficas ou pol\u00edticas, filia\u00e7\u00e3o partid\u00e1ria ou sindical, f\u00e9 religiosa, vida privada e origem racial ou \u00e9tnica, bem como os dados relativos \u00e0 sa\u00fade e \u00e0 vida sexual, incluindo os dados gen\u00e9ticos.<br \/>\nN\u00e3o iremos, em caso algum:<\/p>\n<ol>\n<li>Ceder os dados a outras pessoas ou entidades, sem o consentimento pr\u00e9vio do titular dos dados;<\/li>\n<li>Transferir os dados para fora do Espa\u00e7o Econ\u00f3mico Europeu, sem o consentimento pr\u00e9vio do titular dos dados.<\/li>\n<\/ol>\n<h2 class=\"western\"><strong>Finalidades do tratamento de Dados Pessoais<\/strong><\/h2>\n<p>Os dados pessoais ser\u00e3o unicamente utilizados para as seguintes finalidades:<\/p>\n<ol>\n<li>Comunica\u00e7\u00e3o com clientes e esclarecimento de d\u00favidas;<\/li>\n<li>Processamento de pedidos de informa\u00e7\u00e3o;<\/li>\n<li>Processamento de reclama\u00e7\u00f5es;<\/li>\n<li>Atividades de an\u00e1lise estat\u00edstica;<\/li>\n<li>Comunica\u00e7\u00f5es de marketing direto, caso o consinta;<\/li>\n<li>Solicita\u00e7\u00e3o de coment\u00e1rios a produtos ou servi\u00e7os;<\/li>\n<li>Realiza\u00e7\u00e3o de inqu\u00e9ritos de satisfa\u00e7\u00e3o.<\/li>\n<\/ol>\n<p>Garantimos a confidencialidade de todos os dados fornecidos. N\u00e3o obstante \u00e0 recolha e ao tratamento de dados de forma segura, o que impede a sua perda ou manipula\u00e7\u00e3o, utilizando os sistemas mais atuais para o efeito, informamos que a recolha em rede aberta permite a circula\u00e7\u00e3o dos dados pessoais sem condi\u00e7\u00f5es de seguran\u00e7a, podendo correr o risco destes serem vistos e utilizados por terceiros n\u00e3o autorizados.<\/p>\n<p>O utilizador somente ter\u00e1 que preencher os dados considerados obrigat\u00f3rios para aceder ao servi\u00e7o para o qual os dados foram solicitados. O n\u00e3o preenchimento de outros dados n\u00e3o colocaram em causa o bom atendimento e a qualidade do servi\u00e7o prestado.<\/p>\n<p>Caso n\u00e3o concorde com as condi\u00e7\u00f5es acima referidas n\u00e3o poderemos fornecer qualquer produto e\/ou servi\u00e7o atrav\u00e9s da nossa plataforma online.<\/p>\n<h2 class=\"western\">Que direitos tem sobre os seus dados<\/h2>\n<p>Se tiver uma conta no site, ou deixar coment\u00e1rios poder\u00e1 pedir uma exporta\u00e7\u00e3o do ficheiro dos seus dados pessoais guardados por n\u00f3s.<\/p>\n<p>Poder\u00e1 ainda solicitar que os dados sejam apagados. Tal n\u00e3o ser\u00e1 aplicado a dados que somos obrigados a guardar por quest\u00f5es administrativas, legais ou com o prop\u00f3sito de seguran\u00e7a.<\/p>\n<h2 class=\"western\">Que dados pessoais recolhemos e porque os recolhemos<\/h2>\n<h3 class=\"western\">Coment\u00e1rios<\/h3>\n<p>Quando os utilizadores fazem um coment\u00e1rio no nosso site, n\u00f3s guardamos os dados que aparecem no formul\u00e1rio de coment\u00e1rios, bem como o endere\u00e7o de IP do utilizador. O browser utilizar\u00e1 vari\u00e1veis para ajudar a detetar poss\u00edveis spam.<\/p>\n<p>Um dado an\u00f3nimo ser\u00e1 criado a partir do seu endere\u00e7o de email (tamb\u00e9m denominado de hash), este pode ser fornecido ao Servi\u00e7o Gravata para verificar a utiliza\u00e7\u00e3o. O Servi\u00e7o de pol\u00edtica de privacidade Gravatar est\u00e1 dispon\u00edvel aqui: https:\/\/automattic.com\/privacy\/.<\/p>\n<p>Ap\u00f3s a aprova\u00e7\u00e3o do seu coment\u00e1rio a imagem de perfil ser\u00e1 vis\u00edvel ao p\u00fablico no contexto do seu coment\u00e1rio.<\/p>\n<h3 class=\"western\">Meios de comunica\u00e7\u00e3o<\/h3>\n<p>Se carregar imagens para o website, dever\u00e1 evitar carregar imagens com os dados de localiza\u00e7\u00e3o\u00a0(EXIF GPS) inclu\u00eddos. Os utilizadores do website podem fazer download e extrair os dados de localiza\u00e7\u00e3o das imagens do website.<\/p>\n<\/div><\/section>\n","protected":false},"excerpt":{"rendered":"","protected":false},"author":1,"featured_media":0,"parent":0,"menu_order":0,"comment_status":"closed","ping_status":"open","template":"","meta":{"footnotes":""},"class_list":["post-3","page","type-page","status-publish","hentry"],"_links":{"self":[{"href":"https:\/\/www.blendup-webdev.pt\/speedrent\/wp-json\/wp\/v2\/pages\/3","targetHints":{"allow":["GET"]}}],"collection":[{"href":"https:\/\/www.blendup-webdev.pt\/speedrent\/wp-json\/wp\/v2\/pages"}],"about":[{"href":"https:\/\/www.blendup-webdev.pt\/speedrent\/wp-json\/wp\/v2\/types\/page"}],"author":[{"embeddable":true,"href":"https:\/\/www.blendup-webdev.pt\/speedrent\/wp-json\/wp\/v2\/users\/1"}],"replies":[{"embeddable":true,"href":"https:\/\/www.blendup-webdev.pt\/speedrent\/wp-json\/wp\/v2\/comments?post=3"}],"version-history":[{"count":1,"href":"https:\/\/www.blendup-webdev.pt\/speedrent\/wp-json\/wp\/v2\/pages\/3\/revisions"}],"predecessor-version":[{"id":7565,"href":"https:\/\/www.blendup-webdev.pt\/speedrent\/wp-json\/wp\/v2\/pages\/3\/revisions\/7565"}],"wp:attachment":[{"href":"https:\/\/www.blendup-webdev.pt\/speedrent\/wp-json\/wp\/v2\/media?parent=3"}],"curies":[{"name":"wp","href":"https:\/\/api.w.org\/{rel}","templated":true}]}}