{"id":7610,"date":"2026-02-20T09:51:45","date_gmt":"2026-02-20T08:51:45","guid":{"rendered":"https:\/\/www.blendup-webdev.pt\/speedrent\/?page_id=7610"},"modified":"2026-03-13T18:51:23","modified_gmt":"2026-03-13T17:51:23","slug":"quem-somos","status":"publish","type":"page","link":"https:\/\/www.blendup-webdev.pt\/speedrent\/quem-somos\/","title":{"rendered":"QUEM SOMOS"},"content":{"rendered":"<div class='flex_column_table av-mmp67qqk-bb55615c7009e4ecd09091a1c35e7a17 sc-av_one_fourth av-equal-height-column-flextable'>\n<style type=\"text\/css\" data-created_by=\"avia_inline_auto\" id=\"style-css-av-mmp67qqk-bb55615c7009e4ecd09091a1c35e7a17\">\n.flex_column.av-mmp67qqk-bb55615c7009e4ecd09091a1c35e7a17 .avia-curtain-reveal-overlay{\nz-index:100;\n}\n<\/style>\n<div  class='flex_column av-mmp67qqk-bb55615c7009e4ecd09091a1c35e7a17 av_one_fourth  avia-builder-el-0  el_before_av_three_fourth  avia-builder-el-first  first flex_column_table_cell av-equal-height-column av-align-middle  '     ><div class='avia-curtain-reveal-overlay av-animated-when-visible-95 animate-all-devices curtain-reveal-ltr'><\/div><p>\n<style type=\"text\/css\" data-created_by=\"avia_inline_auto\" id=\"style-css-av-mmp6c076-7d62b81602d3fe879e8414bd7dd6ec8a\">\n#top .hr.av-mmp6c076-7d62b81602d3fe879e8414bd7dd6ec8a{\nmargin-bottom:20px;\n}\n.hr.av-mmp6c076-7d62b81602d3fe879e8414bd7dd6ec8a .hr-inner{\nwidth:33%;\nborder-color:#ec008e;\n}\n<\/style>\n<div  class='hr av-mmp6c076-7d62b81602d3fe879e8414bd7dd6ec8a hr-custom  avia-builder-el-1  el_before_av_textblock  avia-builder-el-first  hr-left hr-icon-no'><span class='hr-inner inner-border-av-border-fat'><span class=\"hr-inner-style\"><\/span><\/span><\/div><br \/>\n\n<style type=\"text\/css\" data-created_by=\"avia_inline_auto\" id=\"style-css-av-mmp671km-f9a2d91f0272559e0be10554db11b1a2\">\n#top .av_textblock_section.av-mmp671km-f9a2d91f0272559e0be10554db11b1a2 .avia_textblock{\ncolor:#ec008e;\n}\n<\/style>\n<section  class='av_textblock_section av-mmp671km-f9a2d91f0272559e0be10554db11b1a2 '   itemscope=\"itemscope\" itemtype=\"https:\/\/schema.org\/CreativeWork\" ><div class='avia_textblock av_inherit_color'  itemprop=\"text\" ><h3>Porqu\u00ea trabalhar connosco?<\/h3>\n<h3><span style=\"color: #000000;\">Porque n\u00e3o \u00e9 um cliente,<\/span><br \/>\n<span style=\"color: #000000;\"> \u00e9 parte da nossa equipa!<\/span><\/h3>\n<\/div><\/section><br \/>\n\n<style type=\"text\/css\" data-created_by=\"avia_inline_auto\" id=\"style-css-av-av_hr-ebbbf96e9cc1c93a294c47bc8ad37f8d\">\n#top .hr.av-av_hr-ebbbf96e9cc1c93a294c47bc8ad37f8d{\nmargin-bottom:20px;\n}\n.hr.av-av_hr-ebbbf96e9cc1c93a294c47bc8ad37f8d .hr-inner{\nwidth:33%;\nborder-color:#ec008e;\n}\n<\/style>\n<div  class='hr av-av_hr-ebbbf96e9cc1c93a294c47bc8ad37f8d hr-custom  avia-builder-el-3  el_after_av_textblock  avia-builder-el-last  hr-left hr-icon-no'><span class='hr-inner inner-border-av-border-fat'><span class=\"hr-inner-style\"><\/span><\/span><\/div><\/p><\/div><div class='av-flex-placeholder'><\/div>\n<style type=\"text\/css\" data-created_by=\"avia_inline_auto\" id=\"style-css-av-mmp6sod2-e403b4c911d23b2e8d3bb4d91768b0ff\">\n.flex_column.av-mmp6sod2-e403b4c911d23b2e8d3bb4d91768b0ff .avia-curtain-reveal-overlay{\nz-index:100;\n}\n<\/style>\n<div  class='flex_column av-mmp6sod2-e403b4c911d23b2e8d3bb4d91768b0ff av_three_fourth  avia-builder-el-4  el_after_av_one_fourth  el_before_av_hr  flex_column_table_cell av-equal-height-column av-align-middle  '     ><div class='avia-curtain-reveal-overlay av-animated-when-visible-95 animate-all-devices curtain-reveal-rtl'><\/div><section  class='av_textblock_section av-mmp66lei-b9688af1e2dc84d88b319b75b0c3fd14 '   itemscope=\"itemscope\" itemtype=\"https:\/\/schema.org\/CreativeWork\" ><div class='avia_textblock'  itemprop=\"text\" ><p>A <strong>SPEEDRENT<\/strong> \u00e9 uma pequena empresa de aluguer fundamentalmente destinada ao <strong>Rent to Sell<\/strong> e ao <strong>Rent to Rent<\/strong> criada em Julho de 2010.<\/p>\n<p>Dispondo na sua frota de cerca de <strong>50 modelos diferentes<\/strong> de m\u00e1quinas quer de Movimenta\u00e7\u00e3o que Cargas quer de Remo\u00e7\u00e3o de Terras, quer ainda de Eleva\u00e7\u00e3o.<\/p>\n<p>Complementa-os com igual n\u00famero de <strong>acess\u00f3rios<\/strong> desde Vassouras a bail\u00e9us e obviamente uma vasta gama de <strong>martelos hidr\u00e1ulicos para Minis, Midis e Escavadoras de rodas e de rastos<\/strong>, n\u00e3o esquecendo obviamente as <strong>Retroescavadoras<\/strong>.<\/p>\n<p>Com uma frota com menos de 5 (cinco) anos de idade m\u00e9dia apoia-se na rede de mec\u00e2nicos da Motivo e dos seus seis Agentes que complementam os t\u00e9cnicos especializados no Rent conseguindo o <strong>incr\u00edvel r\u00e1cio de um mec\u00e2nico para 15 m\u00e1quinas em opera\u00e7\u00e3o<\/strong>.<\/p>\n<\/div><\/section><\/div><\/div><!--close column table wrapper. Autoclose: 1 --><div  class='hr av-mmp6sifc-62e860d5fecfc86646b165f0baee4bbd hr-default  avia-builder-el-6  el_after_av_three_fourth  el_before_av_one_third '><span class='hr-inner '><span class=\"hr-inner-style\"><\/span><\/span><\/div><\/p>\n<div class='flex_column_table av-mmp6ddo2-ea019fed6de5d1f9dcbe7cf3a080d95f sc-av_one_third av-equal-height-column-flextable'>\n<style type=\"text\/css\" data-created_by=\"avia_inline_auto\" id=\"style-css-av-mmp6ddo2-ea019fed6de5d1f9dcbe7cf3a080d95f\">\n.flex_column.av-mmp6ddo2-ea019fed6de5d1f9dcbe7cf3a080d95f{\npadding:25px 25px 25px 25px;\nbackground-color:rgba(236,0,142,0.75);\n}\n<\/style>\n<div  class='flex_column av-mmp6ddo2-ea019fed6de5d1f9dcbe7cf3a080d95f av_one_third  avia-builder-el-7  el_after_av_hr  el_before_av_one_third  first flex_column_table_cell av-equal-height-column av-align-middle av-animated-generic fade-in-down  '     ><style type=\"text\/css\" data-created_by=\"avia_inline_auto\" id=\"style-css-av-mmp6g1e3-07fe41831da3bbf172a27ccfc8457441\">\n#top .av_textblock_section.av-mmp6g1e3-07fe41831da3bbf172a27ccfc8457441 .avia_textblock{\ncolor:#ffffff;\ntext-align:center;\n}\n<\/style>\n<section  class='av_textblock_section av-mmp6g1e3-07fe41831da3bbf172a27ccfc8457441 '   itemscope=\"itemscope\" itemtype=\"https:\/\/schema.org\/CreativeWork\" ><div class='avia_textblock av_inherit_color'  itemprop=\"text\" ><h3><span style=\"color: #000000;\">Aluguer das mais prestigiadas m\u00e1quinas<\/span><\/h3>\n<p>Grande diversidade com mais de 50 modelos.<\/p>\n<\/div><\/section><\/div><div class='av-flex-placeholder'><\/div>\n<style type=\"text\/css\" data-created_by=\"avia_inline_auto\" id=\"style-css-av-mmp6drxv-a488737def341e8ae86773621519ee11\">\n.flex_column.av-mmp6drxv-a488737def341e8ae86773621519ee11{\npadding:25px 25px 25px 25px;\nbackground-color:rgba(236,0,142,0.75);\n}\n<\/style>\n<div  class='flex_column av-mmp6drxv-a488737def341e8ae86773621519ee11 av_one_third  avia-builder-el-9  el_after_av_one_third  el_before_av_one_third  flex_column_table_cell av-equal-height-column av-align-middle av-animated-generic fade-in-down  '     ><style type=\"text\/css\" data-created_by=\"avia_inline_auto\" id=\"style-css-av-mmp6ed4z-5bf5710f0449f803ccbf379a793cd6b3\">\n#top .av_textblock_section.av-mmp6ed4z-5bf5710f0449f803ccbf379a793cd6b3 .avia_textblock{\ncolor:#ffffff;\ntext-align:center;\n}\n<\/style>\n<section  class='av_textblock_section av-mmp6ed4z-5bf5710f0449f803ccbf379a793cd6b3 '   itemscope=\"itemscope\" itemtype=\"https:\/\/schema.org\/CreativeWork\" ><div class='avia_textblock av_inherit_color'  itemprop=\"text\" ><h3><span style=\"color: #000000;\">Tecnologia Acess\u00edvel<\/span><\/h3>\n<p>Todas as m\u00e1quinas s\u00e3o revistas antes da entrega pelos nossos t\u00e9cnicos!<\/p>\n<\/div><\/section><\/div><div class='av-flex-placeholder'><\/div>\n<style type=\"text\/css\" data-created_by=\"avia_inline_auto\" id=\"style-css-av-mmp6lrfj-67a1b2839f0a196010530212ccfe63cc\">\n.flex_column.av-mmp6lrfj-67a1b2839f0a196010530212ccfe63cc{\npadding:25px 25px 25px 25px;\nbackground-color:rgba(236,0,142,0.75);\n}\n<\/style>\n<div  class='flex_column av-mmp6lrfj-67a1b2839f0a196010530212ccfe63cc av_one_third  avia-builder-el-11  el_after_av_one_third  el_before_av_one_fourth  flex_column_table_cell av-equal-height-column av-align-middle av-animated-generic fade-in-down  '     ><style type=\"text\/css\" data-created_by=\"avia_inline_auto\" id=\"style-css-av-mmp6i13x-5b719f1665ac6d8ae045edeb7d4d63d3\">\n#top .av_textblock_section.av-mmp6i13x-5b719f1665ac6d8ae045edeb7d4d63d3 .avia_textblock{\ncolor:#ffffff;\ntext-align:center;\n}\n<\/style>\n<section  class='av_textblock_section av-mmp6i13x-5b719f1665ac6d8ae045edeb7d4d63d3 '   itemscope=\"itemscope\" itemtype=\"https:\/\/schema.org\/CreativeWork\" ><div class='avia_textblock av_inherit_color'  itemprop=\"text\" ><h3><span style=\"color: #000000;\">Assist\u00eancia em qualquer lugar<\/span><\/h3>\n<p>Incr\u00edvel r\u00e1cio de 1 mec\u00e2nico para 15 m\u00e1quinas em opera\u00e7\u00e3o.<\/p>\n<\/div><\/section><\/div><\/div><!--close column table wrapper. Autoclose: 1 -->\n<style type=\"text\/css\" data-created_by=\"avia_inline_auto\" id=\"style-css-av-mmp6l7ny-fc44120288d36f90557726a76247e2a9\">\n.flex_column.av-mmp6l7ny-fc44120288d36f90557726a76247e2a9{\nborder-width:3px;\nborder-color:#ec008e;\nborder-style:solid;\npadding:25px 25px 25px 25px;\n}\n<\/style>\n<div  class='flex_column av-mmp6l7ny-fc44120288d36f90557726a76247e2a9 av_one_fourth  avia-builder-el-13  el_after_av_one_third  el_before_av_one_fourth  first flex_column_div av-animated-generic fade-in-up  column-top-margin'     ><style type=\"text\/css\" data-created_by=\"avia_inline_auto\" id=\"style-css-av-mmp6kbuf-5becac518f5a061c40d09602099754c8\">\n.avia-animated-number.av-mmp6kbuf-5becac518f5a061c40d09602099754c8 .avia-animated-number-icon.avia-svg-icon svg:first-child{\nfill:#ec008e;\nstroke:#ec008e;\n}\n#top .avia-animated-number.av-mmp6kbuf-5becac518f5a061c40d09602099754c8 .avia-animated-number-title{\ncolor:#ec008e;\n}\n#top .avia-animated-number.av-mmp6kbuf-5becac518f5a061c40d09602099754c8 .avia-animated-number-content{\ncolor:#000000;\n}\n<\/style>\n<div  class=\"avia-animated-number av-mmp6kbuf-5becac518f5a061c40d09602099754c8 av-force-default-color avia_animate_when_visible  avia-builder-el-14  avia-builder-el-no-sibling  avia-color-font-custom \" data-timer=\"3000\"><strong class=\"heading avia-animated-number-title\"><span class=\"avia-single-number __av-single-number\" data-number_format=\"\" data-number=\"16\" data-start_from=\"0\">16<\/span><\/strong><div class=\"avia-animated-number-content\"><p>ANOS<\/p>\n<\/div><\/div><\/div>\n<style type=\"text\/css\" data-created_by=\"avia_inline_auto\" id=\"style-css-av-mmp6ri9p-29b371cdeb5c7c512ce76d43a3135059\">\n.flex_column.av-mmp6ri9p-29b371cdeb5c7c512ce76d43a3135059{\nborder-width:3px;\nborder-color:#ec008e;\nborder-style:solid;\npadding:25px 25px 25px 25px;\n}\n<\/style>\n<div  class='flex_column av-mmp6ri9p-29b371cdeb5c7c512ce76d43a3135059 av_one_fourth  avia-builder-el-15  el_after_av_one_fourth  el_before_av_one_fourth  flex_column_div av-animated-generic fade-in-up  column-top-margin'     ><style type=\"text\/css\" data-created_by=\"avia_inline_auto\" id=\"style-css-av-mmp6q1lr-582fe6709fdee205f4a52d69651c7771\">\n.avia-animated-number.av-mmp6q1lr-582fe6709fdee205f4a52d69651c7771 .avia-animated-number-icon.avia-svg-icon svg:first-child{\nfill:#ec008e;\nstroke:#ec008e;\n}\n#top .avia-animated-number.av-mmp6q1lr-582fe6709fdee205f4a52d69651c7771 .avia-animated-number-title{\ncolor:#ec008e;\n}\n#top .avia-animated-number.av-mmp6q1lr-582fe6709fdee205f4a52d69651c7771 .avia-animated-number-content{\ncolor:#000000;\n}\n<\/style>\n<div  class=\"avia-animated-number av-mmp6q1lr-582fe6709fdee205f4a52d69651c7771 av-force-default-color avia_animate_when_visible  avia-builder-el-16  avia-builder-el-no-sibling  avia-color-font-custom \" data-timer=\"3000\"><strong class=\"heading avia-animated-number-title\"><span class=\"avia-no-number\">+<\/span><span class=\"avia-single-number __av-single-number\" data-number_format=\".\" data-number=\"25000\" data-start_from=\"0\">25000<\/span><\/strong><div class=\"avia-animated-number-content\"><p>ALUGUERES<\/p>\n<\/div><\/div><\/div>\n<style type=\"text\/css\" data-created_by=\"avia_inline_auto\" id=\"style-css-av-mmp6rovs-f1a739f2e190000719ce5c8d8cb68c94\">\n.flex_column.av-mmp6rovs-f1a739f2e190000719ce5c8d8cb68c94{\nborder-width:3px;\nborder-color:#ec008e;\nborder-style:solid;\npadding:25px 25px 25px 25px;\n}\n<\/style>\n<div  class='flex_column av-mmp6rovs-f1a739f2e190000719ce5c8d8cb68c94 av_one_fourth  avia-builder-el-17  el_after_av_one_fourth  el_before_av_one_fourth  flex_column_div av-animated-generic fade-in-up  column-top-margin'     ><style type=\"text\/css\" data-created_by=\"avia_inline_auto\" id=\"style-css-av-mmp6qgz2-b740d834f7aaaa8f5c6e73e8bda4530c\">\n.avia-animated-number.av-mmp6qgz2-b740d834f7aaaa8f5c6e73e8bda4530c .avia-animated-number-icon.avia-svg-icon svg:first-child{\nfill:#ec008e;\nstroke:#ec008e;\n}\n#top .avia-animated-number.av-mmp6qgz2-b740d834f7aaaa8f5c6e73e8bda4530c .avia-animated-number-title{\ncolor:#ec008e;\n}\n#top .avia-animated-number.av-mmp6qgz2-b740d834f7aaaa8f5c6e73e8bda4530c .avia-animated-number-content{\ncolor:#000000;\n}\n<\/style>\n<div  class=\"avia-animated-number av-mmp6qgz2-b740d834f7aaaa8f5c6e73e8bda4530c av-force-default-color avia_animate_when_visible  avia-builder-el-18  avia-builder-el-no-sibling  avia-color-font-custom \" data-timer=\"3000\"><strong class=\"heading avia-animated-number-title\"><span class=\"avia-no-number\">+<\/span><span class=\"avia-single-number __av-single-number\" data-number_format=\".\" data-number=\"15000\" data-start_from=\"0\">15000<\/span><\/strong><div class=\"avia-animated-number-content\"><p>CLIENTES<\/p>\n<\/div><\/div><\/div>\n<style type=\"text\/css\" data-created_by=\"avia_inline_auto\" id=\"style-css-av-mmp6rv6i-142ec5fa17a10d8aa4cff157498890a6\">\n.flex_column.av-mmp6rv6i-142ec5fa17a10d8aa4cff157498890a6{\nborder-width:3px;\nborder-color:#ec008e;\nborder-style:solid;\npadding:25px 25px 25px 25px;\n}\n<\/style>\n<div  class='flex_column av-mmp6rv6i-142ec5fa17a10d8aa4cff157498890a6 av_one_fourth  avia-builder-el-19  el_after_av_one_fourth  avia-builder-el-last  flex_column_div av-animated-generic fade-in-up  column-top-margin'     ><style type=\"text\/css\" data-created_by=\"avia_inline_auto\" id=\"style-css-av-mmp6qou9-7df0b499890caca4250c69b6d8c4edc3\">\n.avia-animated-number.av-mmp6qou9-7df0b499890caca4250c69b6d8c4edc3 .avia-animated-number-icon.avia-svg-icon svg:first-child{\nfill:#ec008e;\nstroke:#ec008e;\n}\n#top .avia-animated-number.av-mmp6qou9-7df0b499890caca4250c69b6d8c4edc3 .avia-animated-number-title{\ncolor:#ec008e;\n}\n#top .avia-animated-number.av-mmp6qou9-7df0b499890caca4250c69b6d8c4edc3 .avia-animated-number-content{\ncolor:#000000;\n}\n<\/style>\n<div  class=\"avia-animated-number av-mmp6qou9-7df0b499890caca4250c69b6d8c4edc3 av-force-default-color avia_animate_when_visible  avia-builder-el-20  avia-builder-el-no-sibling  avia-color-font-custom \" data-timer=\"3000\"><strong class=\"heading avia-animated-number-title\"><span class=\"avia-single-number __av-single-number\" data-number_format=\".\" data-number=\"5\" data-start_from=\"0\">5<\/span><\/strong><div class=\"avia-animated-number-content\"><p>ESTA\u00c7\u00d5ES<\/p>\n<\/div><\/div><\/div><\/p>\n","protected":false},"excerpt":{"rendered":"","protected":false},"author":1,"featured_media":0,"parent":0,"menu_order":0,"comment_status":"closed","ping_status":"closed","template":"","meta":{"footnotes":""},"class_list":["post-7610","page","type-page","status-publish","hentry"],"_links":{"self":[{"href":"https:\/\/www.blendup-webdev.pt\/speedrent\/wp-json\/wp\/v2\/pages\/7610","targetHints":{"allow":["GET"]}}],"collection":[{"href":"https:\/\/www.blendup-webdev.pt\/speedrent\/wp-json\/wp\/v2\/pages"}],"about":[{"href":"https:\/\/www.blendup-webdev.pt\/speedrent\/wp-json\/wp\/v2\/types\/page"}],"author":[{"embeddable":true,"href":"https:\/\/www.blendup-webdev.pt\/speedrent\/wp-json\/wp\/v2\/users\/1"}],"replies":[{"embeddable":true,"href":"https:\/\/www.blendup-webdev.pt\/speedrent\/wp-json\/wp\/v2\/comments?post=7610"}],"version-history":[{"count":29,"href":"https:\/\/www.blendup-webdev.pt\/speedrent\/wp-json\/wp\/v2\/pages\/7610\/revisions"}],"predecessor-version":[{"id":7910,"href":"https:\/\/www.blendup-webdev.pt\/speedrent\/wp-json\/wp\/v2\/pages\/7610\/revisions\/7910"}],"wp:attachment":[{"href":"https:\/\/www.blendup-webdev.pt\/speedrent\/wp-json\/wp\/v2\/media?parent=7610"}],"curies":[{"name":"wp","href":"https:\/\/api.w.org\/{rel}","templated":true}]}}